{"id":464,"date":"2024-12-07T15:56:34","date_gmt":"2024-12-07T14:56:34","guid":{"rendered":"https:\/\/www.jardindesmerveilles.fr\/wordpressjdm77\/?page_id=464"},"modified":"2024-12-14T17:20:28","modified_gmt":"2024-12-14T16:20:28","slug":"location-de-plantes-et-de-fleurs-2","status":"publish","type":"page","link":"https:\/\/www.jardindesmerveilles.fr\/wordpressjdm77\/location-de-plantes-et-de-fleurs-2\/","title":{"rendered":"Location de plantes et de fleurs"},"content":{"rendered":"\t\t<div data-elementor-type=\"wp-page\" data-elementor-id=\"464\" class=\"elementor elementor-464\" data-elementor-post-type=\"page\">\n\t\t\t\t<div class=\"elementor-element elementor-element-69512c1 e-flex e-con-boxed e-con e-parent\" data-id=\"69512c1\" data-element_type=\"container\" data-settings=\"{&quot;background_background&quot;:&quot;classic&quot;}\">\n\t\t\t\t\t<div class=\"e-con-inner\">\n\t\t\t\t<div class=\"elementor-element elementor-element-99047e2 elementor-nav-menu--dropdown-tablet elementor-nav-menu__text-align-aside elementor-nav-menu--toggle elementor-nav-menu--burger elementor-widget elementor-widget-nav-menu\" data-id=\"99047e2\" data-element_type=\"widget\" data-settings=\"{&quot;layout&quot;:&quot;horizontal&quot;,&quot;submenu_icon&quot;:{&quot;value&quot;:&quot;&lt;svg class=\\&quot;e-font-icon-svg e-fas-caret-down\\&quot; viewBox=\\&quot;0 0 320 512\\&quot; xmlns=\\&quot;http:\\\/\\\/www.w3.org\\\/2000\\\/svg\\&quot;&gt;&lt;path d=\\&quot;M31.3 192h257.3c17.8 0 26.7 21.5 14.1 34.1L174.1 354.8c-7.8 7.8-20.5 7.8-28.3 0L17.2 226.1C4.6 213.5 13.5 192 31.3 192z\\&quot;&gt;&lt;\\\/path&gt;&lt;\\\/svg&gt;&quot;,&quot;library&quot;:&quot;fa-solid&quot;},&quot;toggle&quot;:&quot;burger&quot;}\" data-widget_type=\"nav-menu.default\">\n\t\t\t\t<div class=\"elementor-widget-container\">\n\t\t\t\t\t\t<nav aria-label=\"Menu\" class=\"elementor-nav-menu--main elementor-nav-menu__container elementor-nav-menu--layout-horizontal e--pointer-underline e--animation-fade\">\n\t\t\t\t<ul id=\"menu-1-99047e2\" class=\"elementor-nav-menu\"><li class=\"menu-item menu-item-type-post_type menu-item-object-page menu-item-has-children menu-item-455\"><a href=\"https:\/\/www.jardindesmerveilles.fr\/wordpressjdm77\/vous-etes-professionnel\/\" class=\"elementor-item\">Vous \u00eates professionnel\/entreprise ?<\/a>\n<ul class=\"sub-menu elementor-nav-menu--dropdown\">\n\t<li class=\"menu-item menu-item-type-post_type menu-item-object-page menu-item-468\"><a href=\"https:\/\/www.jardindesmerveilles.fr\/wordpressjdm77\/vos-decors-evenementiels\/\" class=\"elementor-sub-item\">Vos d\u00e9cors \u00e9v\u00e9nementiels<\/a><\/li>\n\t<li class=\"menu-item menu-item-type-post_type menu-item-object-page menu-item-462\"><a href=\"https:\/\/www.jardindesmerveilles.fr\/wordpressjdm77\/vos-locaux\/\" class=\"elementor-sub-item\">Vos locaux<\/a><\/li>\n\t<li class=\"menu-item menu-item-type-post_type menu-item-object-page menu-item-465\"><a href=\"https:\/\/www.jardindesmerveilles.fr\/wordpressjdm77\/location-de-plantes-et-de-fleurs-2\/\" class=\"elementor-sub-item\">Location de plantes et de fleurs<\/a><\/li>\n<\/ul>\n<\/li>\n<li class=\"menu-item menu-item-type-post_type menu-item-object-page menu-item-has-children menu-item-452\"><a href=\"https:\/\/www.jardindesmerveilles.fr\/wordpressjdm77\/vous-etes-particulier\/\" class=\"elementor-item\">Vous \u00eates particulier ?<\/a>\n<ul class=\"sub-menu elementor-nav-menu--dropdown\">\n\t<li class=\"menu-item menu-item-type-post_type menu-item-object-page menu-item-612\"><a href=\"https:\/\/www.jardindesmerveilles.fr\/wordpressjdm77\/vos-espaces-verts\/\" class=\"elementor-sub-item\">Vos espaces verts<\/a><\/li>\n\t<li class=\"menu-item menu-item-type-post_type menu-item-object-page menu-item-471\"><a href=\"https:\/\/www.jardindesmerveilles.fr\/wordpressjdm77\/vos-evenements-prives\/\" class=\"elementor-sub-item\">Vos \u00e9v\u00e9nements priv\u00e9s<\/a><\/li>\n<\/ul>\n<\/li>\n<li class=\"menu-item menu-item-type-post_type menu-item-object-page menu-item-477\"><a href=\"https:\/\/www.jardindesmerveilles.fr\/wordpressjdm77\/pourquoi-nous-choisir\/\" class=\"elementor-item\">Pourquoi nous choisir ?<\/a><\/li>\n<li class=\"menu-item menu-item-type-post_type menu-item-object-page menu-item-has-children menu-item-339\"><a href=\"https:\/\/www.jardindesmerveilles.fr\/wordpressjdm77\/conseils-dexpert\/\" class=\"elementor-item\">Conseils d\u2019expert<\/a>\n<ul class=\"sub-menu elementor-nav-menu--dropdown\">\n\t<li class=\"menu-item menu-item-type-post_type menu-item-object-page menu-item-1023\"><a href=\"https:\/\/www.jardindesmerveilles.fr\/wordpressjdm77\/les-conseils-de-tophe\/\" class=\"elementor-sub-item\">Les conseils de Tophe<\/a><\/li>\n\t<li class=\"menu-item menu-item-type-post_type menu-item-object-page menu-item-1024\"><a href=\"https:\/\/www.jardindesmerveilles.fr\/wordpressjdm77\/pour-un-jardin-de-vos-reves\/\" class=\"elementor-sub-item\">Pour un jardin de vos r\u00eaves<\/a><\/li>\n\t<li class=\"menu-item menu-item-type-post_type menu-item-object-page menu-item-1022\"><a href=\"https:\/\/www.jardindesmerveilles.fr\/wordpressjdm77\/une-vie-de-nature\/\" class=\"elementor-sub-item\">Une vie de nature<\/a><\/li>\n<\/ul>\n<\/li>\n<li class=\"menu-item menu-item-type-post_type menu-item-object-page menu-item-342\"><a href=\"https:\/\/www.jardindesmerveilles.fr\/wordpressjdm77\/galerie\/\" class=\"elementor-item\">Galerie<\/a><\/li>\n<li class=\"menu-item menu-item-type-post_type menu-item-object-page menu-item-343\"><a href=\"https:\/\/www.jardindesmerveilles.fr\/wordpressjdm77\/contact\/\" class=\"elementor-item\">Contact<\/a><\/li>\n<\/ul>\t\t\t<\/nav>\n\t\t\t\t\t<div class=\"elementor-menu-toggle\" role=\"button\" tabindex=\"0\" aria-label=\"Permuter le menu\" aria-expanded=\"false\">\n\t\t\t<svg aria-hidden=\"true\" role=\"presentation\" class=\"elementor-menu-toggle__icon--open e-font-icon-svg e-eicon-menu-bar\" viewBox=\"0 0 1000 1000\" xmlns=\"http:\/\/www.w3.org\/2000\/svg\"><path d=\"M104 333H896C929 333 958 304 958 271S929 208 896 208H104C71 208 42 237 42 271S71 333 104 333ZM104 583H896C929 583 958 554 958 521S929 458 896 458H104C71 458 42 487 42 521S71 583 104 583ZM104 833H896C929 833 958 804 958 771S929 708 896 708H104C71 708 42 737 42 771S71 833 104 833Z\"><\/path><\/svg><svg aria-hidden=\"true\" role=\"presentation\" class=\"elementor-menu-toggle__icon--close e-font-icon-svg e-eicon-close\" viewBox=\"0 0 1000 1000\" xmlns=\"http:\/\/www.w3.org\/2000\/svg\"><path d=\"M742 167L500 408 258 167C246 154 233 150 217 150 196 150 179 158 167 167 154 179 150 196 150 212 150 229 154 242 171 254L408 500 167 742C138 771 138 800 167 829 196 858 225 858 254 829L496 587 738 829C750 842 767 846 783 846 800 846 817 842 829 829 842 817 846 804 846 783 846 767 842 750 829 737L588 500 833 258C863 229 863 200 833 171 804 137 775 137 742 167Z\"><\/path><\/svg>\t\t\t<span class=\"elementor-screen-only\">Menu<\/span>\n\t\t<\/div>\n\t\t\t\t\t<nav class=\"elementor-nav-menu--dropdown elementor-nav-menu__container\" aria-hidden=\"true\">\n\t\t\t\t<ul id=\"menu-2-99047e2\" class=\"elementor-nav-menu\"><li class=\"menu-item menu-item-type-post_type menu-item-object-page menu-item-has-children menu-item-455\"><a href=\"https:\/\/www.jardindesmerveilles.fr\/wordpressjdm77\/vous-etes-professionnel\/\" class=\"elementor-item\" tabindex=\"-1\">Vous \u00eates professionnel\/entreprise ?<\/a>\n<ul class=\"sub-menu elementor-nav-menu--dropdown\">\n\t<li class=\"menu-item menu-item-type-post_type menu-item-object-page menu-item-468\"><a href=\"https:\/\/www.jardindesmerveilles.fr\/wordpressjdm77\/vos-decors-evenementiels\/\" class=\"elementor-sub-item\" tabindex=\"-1\">Vos d\u00e9cors \u00e9v\u00e9nementiels<\/a><\/li>\n\t<li class=\"menu-item menu-item-type-post_type menu-item-object-page menu-item-462\"><a href=\"https:\/\/www.jardindesmerveilles.fr\/wordpressjdm77\/vos-locaux\/\" class=\"elementor-sub-item\" tabindex=\"-1\">Vos locaux<\/a><\/li>\n\t<li class=\"menu-item menu-item-type-post_type menu-item-object-page menu-item-465\"><a href=\"https:\/\/www.jardindesmerveilles.fr\/wordpressjdm77\/location-de-plantes-et-de-fleurs-2\/\" class=\"elementor-sub-item\" tabindex=\"-1\">Location de plantes et de fleurs<\/a><\/li>\n<\/ul>\n<\/li>\n<li class=\"menu-item menu-item-type-post_type menu-item-object-page menu-item-has-children menu-item-452\"><a href=\"https:\/\/www.jardindesmerveilles.fr\/wordpressjdm77\/vous-etes-particulier\/\" class=\"elementor-item\" tabindex=\"-1\">Vous \u00eates particulier ?<\/a>\n<ul class=\"sub-menu elementor-nav-menu--dropdown\">\n\t<li class=\"menu-item menu-item-type-post_type menu-item-object-page menu-item-612\"><a href=\"https:\/\/www.jardindesmerveilles.fr\/wordpressjdm77\/vos-espaces-verts\/\" class=\"elementor-sub-item\" tabindex=\"-1\">Vos espaces verts<\/a><\/li>\n\t<li class=\"menu-item menu-item-type-post_type menu-item-object-page menu-item-471\"><a href=\"https:\/\/www.jardindesmerveilles.fr\/wordpressjdm77\/vos-evenements-prives\/\" class=\"elementor-sub-item\" tabindex=\"-1\">Vos \u00e9v\u00e9nements priv\u00e9s<\/a><\/li>\n<\/ul>\n<\/li>\n<li class=\"menu-item menu-item-type-post_type menu-item-object-page menu-item-477\"><a href=\"https:\/\/www.jardindesmerveilles.fr\/wordpressjdm77\/pourquoi-nous-choisir\/\" class=\"elementor-item\" tabindex=\"-1\">Pourquoi nous choisir ?<\/a><\/li>\n<li class=\"menu-item menu-item-type-post_type menu-item-object-page menu-item-has-children menu-item-339\"><a href=\"https:\/\/www.jardindesmerveilles.fr\/wordpressjdm77\/conseils-dexpert\/\" class=\"elementor-item\" tabindex=\"-1\">Conseils d\u2019expert<\/a>\n<ul class=\"sub-menu elementor-nav-menu--dropdown\">\n\t<li class=\"menu-item menu-item-type-post_type menu-item-object-page menu-item-1023\"><a href=\"https:\/\/www.jardindesmerveilles.fr\/wordpressjdm77\/les-conseils-de-tophe\/\" class=\"elementor-sub-item\" tabindex=\"-1\">Les conseils de Tophe<\/a><\/li>\n\t<li class=\"menu-item menu-item-type-post_type menu-item-object-page menu-item-1024\"><a href=\"https:\/\/www.jardindesmerveilles.fr\/wordpressjdm77\/pour-un-jardin-de-vos-reves\/\" class=\"elementor-sub-item\" tabindex=\"-1\">Pour un jardin de vos r\u00eaves<\/a><\/li>\n\t<li class=\"menu-item menu-item-type-post_type menu-item-object-page menu-item-1022\"><a href=\"https:\/\/www.jardindesmerveilles.fr\/wordpressjdm77\/une-vie-de-nature\/\" class=\"elementor-sub-item\" tabindex=\"-1\">Une vie de nature<\/a><\/li>\n<\/ul>\n<\/li>\n<li class=\"menu-item menu-item-type-post_type menu-item-object-page menu-item-342\"><a href=\"https:\/\/www.jardindesmerveilles.fr\/wordpressjdm77\/galerie\/\" class=\"elementor-item\" tabindex=\"-1\">Galerie<\/a><\/li>\n<li class=\"menu-item menu-item-type-post_type menu-item-object-page menu-item-343\"><a href=\"https:\/\/www.jardindesmerveilles.fr\/wordpressjdm77\/contact\/\" class=\"elementor-item\" tabindex=\"-1\">Contact<\/a><\/li>\n<\/ul>\t\t\t<\/nav>\n\t\t\t\t<\/div>\n\t\t\t\t<\/div>\n\t\t\t\t<div class=\"elementor-element elementor-element-059afe1 elementor-widget elementor-widget-image\" data-id=\"059afe1\" data-element_type=\"widget\" data-widget_type=\"image.default\">\n\t\t\t\t<div class=\"elementor-widget-container\">\n\t\t\t\t\t\t\t\t\t\t\t\t\t<img fetchpriority=\"high\" decoding=\"async\" width=\"815\" height=\"1024\" src=\"https:\/\/www.jardindesmerveilles.fr\/wordpressjdm77\/wp-content\/uploads\/2024\/11\/kyle-austin-3E6-kyDDIw-unsplash-815x1024.jpg\" class=\"attachment-large size-large wp-image-245\" alt=\"\" srcset=\"https:\/\/www.jardindesmerveilles.fr\/wordpressjdm77\/wp-content\/uploads\/2024\/11\/kyle-austin-3E6-kyDDIw-unsplash-815x1024.jpg 815w, https:\/\/www.jardindesmerveilles.fr\/wordpressjdm77\/wp-content\/uploads\/2024\/11\/kyle-austin-3E6-kyDDIw-unsplash-239x300.jpg 239w, https:\/\/www.jardindesmerveilles.fr\/wordpressjdm77\/wp-content\/uploads\/2024\/11\/kyle-austin-3E6-kyDDIw-unsplash-768x965.jpg 768w, https:\/\/www.jardindesmerveilles.fr\/wordpressjdm77\/wp-content\/uploads\/2024\/11\/kyle-austin-3E6-kyDDIw-unsplash-1223x1536.jpg 1223w, https:\/\/www.jardindesmerveilles.fr\/wordpressjdm77\/wp-content\/uploads\/2024\/11\/kyle-austin-3E6-kyDDIw-unsplash-1630x2048.jpg 1630w, https:\/\/www.jardindesmerveilles.fr\/wordpressjdm77\/wp-content\/uploads\/2024\/11\/kyle-austin-3E6-kyDDIw-unsplash-scaled.jpg 2038w\" sizes=\"(max-width: 815px) 100vw, 815px\" \/>\t\t\t\t\t\t\t\t\t\t\t\t\t<\/div>\n\t\t\t\t<\/div>\n\t\t\t\t<div class=\"elementor-element elementor-element-041a1ae elementor-widget elementor-widget-heading\" data-id=\"041a1ae\" data-element_type=\"widget\" data-widget_type=\"heading.default\">\n\t\t\t\t<div class=\"elementor-widget-container\">\n\t\t\t<h2 class=\"elementor-heading-title elementor-size-default\">location de plantes et de fleurs<\/h2>\t\t<\/div>\n\t\t\t\t<\/div>\n\t\t\t\t<div class=\"elementor-element elementor-element-45daefe elementor-widget elementor-widget-theme-site-logo elementor-widget-image\" data-id=\"45daefe\" data-element_type=\"widget\" data-widget_type=\"theme-site-logo.default\">\n\t\t\t\t<div class=\"elementor-widget-container\">\n\t\t\t\t\t\t\t\t\t<a href=\"https:\/\/www.jardindesmerveilles.fr\/wordpressjdm77\">\n\t\t\t<img decoding=\"async\" width=\"1273\" height=\"1424\" src=\"https:\/\/www.jardindesmerveilles.fr\/wordpressjdm77\/wp-content\/uploads\/2024\/09\/logo-v3.png\" class=\"attachment-full size-full wp-image-227\" alt=\"\" srcset=\"https:\/\/www.jardindesmerveilles.fr\/wordpressjdm77\/wp-content\/uploads\/2024\/09\/logo-v3.png 1273w, https:\/\/www.jardindesmerveilles.fr\/wordpressjdm77\/wp-content\/uploads\/2024\/09\/logo-v3-268x300.png 268w, https:\/\/www.jardindesmerveilles.fr\/wordpressjdm77\/wp-content\/uploads\/2024\/09\/logo-v3-915x1024.png 915w, https:\/\/www.jardindesmerveilles.fr\/wordpressjdm77\/wp-content\/uploads\/2024\/09\/logo-v3-768x859.png 768w\" sizes=\"(max-width: 1273px) 100vw, 1273px\" \/>\t\t\t\t<\/a>\n\t\t\t\t\t\t\t\t\t<\/div>\n\t\t\t\t<\/div>\n\t\t\t\t<div class=\"elementor-element elementor-element-f8bf852 elementor-widget elementor-widget-text-editor\" data-id=\"f8bf852\" data-element_type=\"widget\" data-widget_type=\"text-editor.default\">\n\t\t\t\t<div class=\"elementor-widget-container\">\n\t\t\t\t\t\t\t<p>Pour vos \u00e9v\u00e9nements ou vos locaux, nous vous proposons une large s\u00e9lection de fleurs\u00a0<\/p><p>et de plantes disponibles tout au long de l&rsquo;ann\u00e9e.\u00a0<\/p><p>\u00a0<\/p><h3>Pour quels besoins ?<\/h3><ul><li><strong>\u00c9v\u00e9nements professionnels<\/strong> : salons, conf\u00e9rences, lancements de produits.<\/li><li><strong>D\u00e9coration de locaux<\/strong> : halls d\u2019accueil, bureaux, restaurants, h\u00f4tels.<\/li><li><strong>Mises en sc\u00e8ne<\/strong> : vitrines, shootings photo, tournages.<\/li><\/ul>\t\t\t\t\t\t<\/div>\n\t\t\t\t<\/div>\n\t\t\t\t\t<\/div>\n\t\t\t\t<\/div>\n\t\t<div class=\"elementor-element elementor-element-5af103f6 e-flex e-con-boxed e-con e-parent\" data-id=\"5af103f6\" data-element_type=\"container\" data-settings=\"{&quot;background_background&quot;:&quot;classic&quot;}\">\n\t\t\t\t\t<div class=\"e-con-inner\">\n\t\t<div class=\"elementor-element elementor-element-1edc6b9e e-con-full e-flex elementor-invisible e-con e-child\" data-id=\"1edc6b9e\" data-element_type=\"container\" data-settings=\"{&quot;background_background&quot;:&quot;gradient&quot;,&quot;animation&quot;:&quot;fadeInUp&quot;,&quot;animation_delay&quot;:&quot;100&quot;}\">\n\t\t\t\t<div class=\"elementor-element elementor-element-192bae elementor-widget__width-inherit elementor-widget elementor-widget-image\" data-id=\"192bae\" data-element_type=\"widget\" data-widget_type=\"image.default\">\n\t\t\t\t<div class=\"elementor-widget-container\">\n\t\t\t\t\t\t\t\t\t\t\t\t\t<img decoding=\"async\" width=\"683\" height=\"1024\" src=\"https:\/\/www.jardindesmerveilles.fr\/wordpressjdm77\/wp-content\/uploads\/2024\/12\/pexels-ylanite-koppens-1883385-683x1024.jpg\" class=\"attachment-large size-large wp-image-574\" alt=\"\" srcset=\"https:\/\/www.jardindesmerveilles.fr\/wordpressjdm77\/wp-content\/uploads\/2024\/12\/pexels-ylanite-koppens-1883385-683x1024.jpg 683w, https:\/\/www.jardindesmerveilles.fr\/wordpressjdm77\/wp-content\/uploads\/2024\/12\/pexels-ylanite-koppens-1883385-200x300.jpg 200w, https:\/\/www.jardindesmerveilles.fr\/wordpressjdm77\/wp-content\/uploads\/2024\/12\/pexels-ylanite-koppens-1883385-scaled.jpg 1707w\" sizes=\"(max-width: 683px) 100vw, 683px\" \/>\t\t\t\t\t\t\t\t\t\t\t\t\t<\/div>\n\t\t\t\t<\/div>\n\t\t<div class=\"elementor-element elementor-element-49166588 e-con-full e-flex e-con e-child\" data-id=\"49166588\" data-element_type=\"container\" data-settings=\"{&quot;background_background&quot;:&quot;classic&quot;}\">\n\t\t\t\t<div class=\"elementor-element elementor-element-3c661f10 elementor-widget elementor-widget-heading\" data-id=\"3c661f10\" data-element_type=\"widget\" data-widget_type=\"heading.default\">\n\t\t\t\t<div class=\"elementor-widget-container\">\n\t\t\t<h2 class=\"elementor-heading-title elementor-size-default\">notre catalogue de fleurs<\/h2>\t\t<\/div>\n\t\t\t\t<\/div>\n\t\t\t\t<div class=\"elementor-element elementor-element-1b0519a4 elementor-align-center elementor-mobile-align-center elementor-widget elementor-widget-button\" data-id=\"1b0519a4\" data-element_type=\"widget\" data-widget_type=\"button.default\">\n\t\t\t\t<div class=\"elementor-widget-container\">\n\t\t\t\t\t\t\t<div class=\"elementor-button-wrapper\">\n\t\t\t\t\t<a class=\"elementor-button elementor-button-link elementor-size-sm elementor-animation-grow\" href=\"#\" target=\"_blank\">\n\t\t\t\t\t\t<span class=\"elementor-button-content-wrapper\">\n\t\t\t\t\t\t\t\t\t<span class=\"elementor-button-text\">juste ici<\/span>\n\t\t\t\t\t<\/span>\n\t\t\t\t\t<\/a>\n\t\t\t\t<\/div>\n\t\t\t\t\t\t<\/div>\n\t\t\t\t<\/div>\n\t\t\t\t<\/div>\n\t\t\t\t<\/div>\n\t\t<div class=\"elementor-element elementor-element-7a65e9c5 e-con-full e-flex elementor-invisible e-con e-child\" data-id=\"7a65e9c5\" data-element_type=\"container\" data-settings=\"{&quot;background_background&quot;:&quot;gradient&quot;,&quot;animation&quot;:&quot;fadeInUp&quot;,&quot;animation_delay&quot;:&quot;300&quot;}\">\n\t\t\t\t<div class=\"elementor-element elementor-element-b983218 elementor-widget__width-inherit elementor-widget elementor-widget-image\" data-id=\"b983218\" data-element_type=\"widget\" data-widget_type=\"image.default\">\n\t\t\t\t<div class=\"elementor-widget-container\">\n\t\t\t\t\t\t\t\t\t\t\t\t\t<img loading=\"lazy\" decoding=\"async\" width=\"683\" height=\"1024\" src=\"https:\/\/www.jardindesmerveilles.fr\/wordpressjdm77\/wp-content\/uploads\/2024\/11\/anna-leonenko-6r7WdpaKpMs-unsplash-683x1024.jpg\" class=\"attachment-large size-large wp-image-284\" alt=\"\" srcset=\"https:\/\/www.jardindesmerveilles.fr\/wordpressjdm77\/wp-content\/uploads\/2024\/11\/anna-leonenko-6r7WdpaKpMs-unsplash-683x1024.jpg 683w, https:\/\/www.jardindesmerveilles.fr\/wordpressjdm77\/wp-content\/uploads\/2024\/11\/anna-leonenko-6r7WdpaKpMs-unsplash-200x300.jpg 200w, https:\/\/www.jardindesmerveilles.fr\/wordpressjdm77\/wp-content\/uploads\/2024\/11\/anna-leonenko-6r7WdpaKpMs-unsplash-768x1152.jpg 768w, https:\/\/www.jardindesmerveilles.fr\/wordpressjdm77\/wp-content\/uploads\/2024\/11\/anna-leonenko-6r7WdpaKpMs-unsplash-1024x1536.jpg 1024w, https:\/\/www.jardindesmerveilles.fr\/wordpressjdm77\/wp-content\/uploads\/2024\/11\/anna-leonenko-6r7WdpaKpMs-unsplash-1365x2048.jpg 1365w, https:\/\/www.jardindesmerveilles.fr\/wordpressjdm77\/wp-content\/uploads\/2024\/11\/anna-leonenko-6r7WdpaKpMs-unsplash-scaled.jpg 1707w\" sizes=\"(max-width: 683px) 100vw, 683px\" \/>\t\t\t\t\t\t\t\t\t\t\t\t\t<\/div>\n\t\t\t\t<\/div>\n\t\t<div class=\"elementor-element elementor-element-4c819815 e-con-full e-flex e-con e-child\" data-id=\"4c819815\" data-element_type=\"container\" data-settings=\"{&quot;background_background&quot;:&quot;classic&quot;}\">\n\t\t\t\t<div class=\"elementor-element elementor-element-411d8ca6 elementor-widget elementor-widget-heading\" data-id=\"411d8ca6\" data-element_type=\"widget\" data-widget_type=\"heading.default\">\n\t\t\t\t<div class=\"elementor-widget-container\">\n\t\t\t<h2 class=\"elementor-heading-title elementor-size-default\">notre catalogue de plantes<\/h2>\t\t<\/div>\n\t\t\t\t<\/div>\n\t\t\t\t<div class=\"elementor-element elementor-element-5c9828d3 elementor-align-center elementor-mobile-align-center elementor-widget elementor-widget-button\" data-id=\"5c9828d3\" data-element_type=\"widget\" data-widget_type=\"button.default\">\n\t\t\t\t<div class=\"elementor-widget-container\">\n\t\t\t\t\t\t\t<div class=\"elementor-button-wrapper\">\n\t\t\t\t\t<a class=\"elementor-button elementor-button-link elementor-size-sm elementor-animation-grow\" href=\"#\" target=\"_blank\">\n\t\t\t\t\t\t<span class=\"elementor-button-content-wrapper\">\n\t\t\t\t\t\t\t\t\t<span class=\"elementor-button-text\">juste ici<\/span>\n\t\t\t\t\t<\/span>\n\t\t\t\t\t<\/a>\n\t\t\t\t<\/div>\n\t\t\t\t\t\t<\/div>\n\t\t\t\t<\/div>\n\t\t\t\t<\/div>\n\t\t\t\t<\/div>\n\t\t\t\t\t<\/div>\n\t\t\t\t<\/div>\n\t\t\t\t<\/div>\n\t\t","protected":false},"excerpt":{"rendered":"<p>location de plantes et de fleurs Pour vos \u00e9v\u00e9nements ou vos locaux, nous vous proposons une large s\u00e9lection de fleurs\u00a0 et de plantes disponibles tout au long de l&rsquo;ann\u00e9e.\u00a0 \u00a0 Pour quels besoins ? \u00c9v\u00e9nements professionnels : salons, conf\u00e9rences, lancements de produits. D\u00e9coration de locaux : halls d\u2019accueil, bureaux, restaurants, h\u00f4tels. Mises en sc\u00e8ne : [&hellip;]<\/p>\n","protected":false},"author":2,"featured_media":0,"parent":0,"menu_order":0,"comment_status":"closed","ping_status":"closed","template":"","meta":{"footnotes":""},"class_list":["post-464","page","type-page","status-publish","hentry","entry"],"_links":{"self":[{"href":"https:\/\/www.jardindesmerveilles.fr\/wordpressjdm77\/wp-json\/wp\/v2\/pages\/464","targetHints":{"allow":["GET"]}}],"collection":[{"href":"https:\/\/www.jardindesmerveilles.fr\/wordpressjdm77\/wp-json\/wp\/v2\/pages"}],"about":[{"href":"https:\/\/www.jardindesmerveilles.fr\/wordpressjdm77\/wp-json\/wp\/v2\/types\/page"}],"author":[{"embeddable":true,"href":"https:\/\/www.jardindesmerveilles.fr\/wordpressjdm77\/wp-json\/wp\/v2\/users\/2"}],"replies":[{"embeddable":true,"href":"https:\/\/www.jardindesmerveilles.fr\/wordpressjdm77\/wp-json\/wp\/v2\/comments?post=464"}],"version-history":[{"count":19,"href":"https:\/\/www.jardindesmerveilles.fr\/wordpressjdm77\/wp-json\/wp\/v2\/pages\/464\/revisions"}],"predecessor-version":[{"id":979,"href":"https:\/\/www.jardindesmerveilles.fr\/wordpressjdm77\/wp-json\/wp\/v2\/pages\/464\/revisions\/979"}],"wp:attachment":[{"href":"https:\/\/www.jardindesmerveilles.fr\/wordpressjdm77\/wp-json\/wp\/v2\/media?parent=464"}],"curies":[{"name":"wp","href":"https:\/\/api.w.org\/{rel}","templated":true}]}}