{"id":451,"date":"2024-12-07T15:53:19","date_gmt":"2024-12-07T14:53:19","guid":{"rendered":"https:\/\/www.jardindesmerveilles.fr\/wordpressjdm77\/?page_id=451"},"modified":"2024-12-14T17:19:43","modified_gmt":"2024-12-14T16:19:43","slug":"vous-etes-particulier","status":"publish","type":"page","link":"https:\/\/www.jardindesmerveilles.fr\/wordpressjdm77\/vous-etes-particulier\/","title":{"rendered":"Vous \u00eates particulier ?"},"content":{"rendered":"\t\t<div data-elementor-type=\"wp-page\" data-elementor-id=\"451\" class=\"elementor elementor-451\" data-elementor-post-type=\"page\">\n\t\t\t\t<div class=\"elementor-element elementor-element-fa21298 e-flex e-con-boxed e-con e-parent\" data-id=\"fa21298\" data-element_type=\"container\" data-settings=\"{&quot;background_background&quot;:&quot;classic&quot;}\">\n\t\t\t\t\t<div class=\"e-con-inner\">\n\t\t\t\t<div class=\"elementor-element elementor-element-b5c0373 elementor-nav-menu--dropdown-tablet elementor-nav-menu__text-align-aside elementor-nav-menu--toggle elementor-nav-menu--burger elementor-widget elementor-widget-nav-menu\" data-id=\"b5c0373\" data-element_type=\"widget\" data-settings=\"{&quot;layout&quot;:&quot;horizontal&quot;,&quot;submenu_icon&quot;:{&quot;value&quot;:&quot;&lt;svg class=\\&quot;e-font-icon-svg e-fas-caret-down\\&quot; viewBox=\\&quot;0 0 320 512\\&quot; xmlns=\\&quot;http:\\\/\\\/www.w3.org\\\/2000\\\/svg\\&quot;&gt;&lt;path d=\\&quot;M31.3 192h257.3c17.8 0 26.7 21.5 14.1 34.1L174.1 354.8c-7.8 7.8-20.5 7.8-28.3 0L17.2 226.1C4.6 213.5 13.5 192 31.3 192z\\&quot;&gt;&lt;\\\/path&gt;&lt;\\\/svg&gt;&quot;,&quot;library&quot;:&quot;fa-solid&quot;},&quot;toggle&quot;:&quot;burger&quot;}\" data-widget_type=\"nav-menu.default\">\n\t\t\t\t<div class=\"elementor-widget-container\">\n\t\t\t\t\t\t<nav aria-label=\"Menu\" class=\"elementor-nav-menu--main elementor-nav-menu__container elementor-nav-menu--layout-horizontal e--pointer-underline e--animation-fade\">\n\t\t\t\t<ul id=\"menu-1-b5c0373\" class=\"elementor-nav-menu\"><li class=\"menu-item menu-item-type-post_type menu-item-object-page menu-item-has-children menu-item-455\"><a href=\"https:\/\/www.jardindesmerveilles.fr\/wordpressjdm77\/vous-etes-professionnel\/\" class=\"elementor-item\">Vous \u00eates professionnel\/entreprise ?<\/a>\n<ul class=\"sub-menu elementor-nav-menu--dropdown\">\n\t<li class=\"menu-item menu-item-type-post_type menu-item-object-page menu-item-468\"><a href=\"https:\/\/www.jardindesmerveilles.fr\/wordpressjdm77\/vos-decors-evenementiels\/\" class=\"elementor-sub-item\">Vos d\u00e9cors \u00e9v\u00e9nementiels<\/a><\/li>\n\t<li class=\"menu-item menu-item-type-post_type menu-item-object-page menu-item-462\"><a href=\"https:\/\/www.jardindesmerveilles.fr\/wordpressjdm77\/vos-locaux\/\" class=\"elementor-sub-item\">Vos locaux<\/a><\/li>\n\t<li class=\"menu-item menu-item-type-post_type menu-item-object-page menu-item-465\"><a href=\"https:\/\/www.jardindesmerveilles.fr\/wordpressjdm77\/location-de-plantes-et-de-fleurs-2\/\" class=\"elementor-sub-item\">Location de plantes et de fleurs<\/a><\/li>\n<\/ul>\n<\/li>\n<li class=\"menu-item menu-item-type-post_type menu-item-object-page menu-item-has-children menu-item-452\"><a href=\"https:\/\/www.jardindesmerveilles.fr\/wordpressjdm77\/vous-etes-particulier\/\" class=\"elementor-item\">Vous \u00eates particulier ?<\/a>\n<ul class=\"sub-menu elementor-nav-menu--dropdown\">\n\t<li class=\"menu-item menu-item-type-post_type menu-item-object-page menu-item-612\"><a href=\"https:\/\/www.jardindesmerveilles.fr\/wordpressjdm77\/vos-espaces-verts\/\" class=\"elementor-sub-item\">Vos espaces verts<\/a><\/li>\n\t<li class=\"menu-item menu-item-type-post_type menu-item-object-page menu-item-471\"><a href=\"https:\/\/www.jardindesmerveilles.fr\/wordpressjdm77\/vos-evenements-prives\/\" class=\"elementor-sub-item\">Vos \u00e9v\u00e9nements priv\u00e9s<\/a><\/li>\n<\/ul>\n<\/li>\n<li class=\"menu-item menu-item-type-post_type menu-item-object-page menu-item-477\"><a href=\"https:\/\/www.jardindesmerveilles.fr\/wordpressjdm77\/pourquoi-nous-choisir\/\" class=\"elementor-item\">Pourquoi nous choisir ?<\/a><\/li>\n<li class=\"menu-item menu-item-type-post_type menu-item-object-page menu-item-has-children menu-item-339\"><a href=\"https:\/\/www.jardindesmerveilles.fr\/wordpressjdm77\/conseils-dexpert\/\" class=\"elementor-item\">Conseils d\u2019expert<\/a>\n<ul class=\"sub-menu elementor-nav-menu--dropdown\">\n\t<li class=\"menu-item menu-item-type-post_type menu-item-object-page menu-item-1023\"><a href=\"https:\/\/www.jardindesmerveilles.fr\/wordpressjdm77\/les-conseils-de-tophe\/\" class=\"elementor-sub-item\">Les conseils de Tophe<\/a><\/li>\n\t<li class=\"menu-item menu-item-type-post_type menu-item-object-page menu-item-1024\"><a href=\"https:\/\/www.jardindesmerveilles.fr\/wordpressjdm77\/pour-un-jardin-de-vos-reves\/\" class=\"elementor-sub-item\">Pour un jardin de vos r\u00eaves<\/a><\/li>\n\t<li class=\"menu-item menu-item-type-post_type menu-item-object-page menu-item-1022\"><a href=\"https:\/\/www.jardindesmerveilles.fr\/wordpressjdm77\/une-vie-de-nature\/\" class=\"elementor-sub-item\">Une vie de nature<\/a><\/li>\n<\/ul>\n<\/li>\n<li class=\"menu-item menu-item-type-post_type menu-item-object-page menu-item-342\"><a href=\"https:\/\/www.jardindesmerveilles.fr\/wordpressjdm77\/galerie\/\" class=\"elementor-item\">Galerie<\/a><\/li>\n<li class=\"menu-item menu-item-type-post_type menu-item-object-page menu-item-343\"><a href=\"https:\/\/www.jardindesmerveilles.fr\/wordpressjdm77\/contact\/\" class=\"elementor-item\">Contact<\/a><\/li>\n<\/ul>\t\t\t<\/nav>\n\t\t\t\t\t<div class=\"elementor-menu-toggle\" role=\"button\" tabindex=\"0\" aria-label=\"Permuter le menu\" aria-expanded=\"false\">\n\t\t\t<svg aria-hidden=\"true\" role=\"presentation\" class=\"elementor-menu-toggle__icon--open e-font-icon-svg e-eicon-menu-bar\" viewBox=\"0 0 1000 1000\" xmlns=\"http:\/\/www.w3.org\/2000\/svg\"><path d=\"M104 333H896C929 333 958 304 958 271S929 208 896 208H104C71 208 42 237 42 271S71 333 104 333ZM104 583H896C929 583 958 554 958 521S929 458 896 458H104C71 458 42 487 42 521S71 583 104 583ZM104 833H896C929 833 958 804 958 771S929 708 896 708H104C71 708 42 737 42 771S71 833 104 833Z\"><\/path><\/svg><svg aria-hidden=\"true\" role=\"presentation\" class=\"elementor-menu-toggle__icon--close e-font-icon-svg e-eicon-close\" viewBox=\"0 0 1000 1000\" xmlns=\"http:\/\/www.w3.org\/2000\/svg\"><path d=\"M742 167L500 408 258 167C246 154 233 150 217 150 196 150 179 158 167 167 154 179 150 196 150 212 150 229 154 242 171 254L408 500 167 742C138 771 138 800 167 829 196 858 225 858 254 829L496 587 738 829C750 842 767 846 783 846 800 846 817 842 829 829 842 817 846 804 846 783 846 767 842 750 829 737L588 500 833 258C863 229 863 200 833 171 804 137 775 137 742 167Z\"><\/path><\/svg>\t\t\t<span class=\"elementor-screen-only\">Menu<\/span>\n\t\t<\/div>\n\t\t\t\t\t<nav class=\"elementor-nav-menu--dropdown elementor-nav-menu__container\" aria-hidden=\"true\">\n\t\t\t\t<ul id=\"menu-2-b5c0373\" class=\"elementor-nav-menu\"><li class=\"menu-item menu-item-type-post_type menu-item-object-page menu-item-has-children menu-item-455\"><a href=\"https:\/\/www.jardindesmerveilles.fr\/wordpressjdm77\/vous-etes-professionnel\/\" class=\"elementor-item\" tabindex=\"-1\">Vous \u00eates professionnel\/entreprise ?<\/a>\n<ul class=\"sub-menu elementor-nav-menu--dropdown\">\n\t<li class=\"menu-item menu-item-type-post_type menu-item-object-page menu-item-468\"><a href=\"https:\/\/www.jardindesmerveilles.fr\/wordpressjdm77\/vos-decors-evenementiels\/\" class=\"elementor-sub-item\" tabindex=\"-1\">Vos d\u00e9cors \u00e9v\u00e9nementiels<\/a><\/li>\n\t<li class=\"menu-item menu-item-type-post_type menu-item-object-page menu-item-462\"><a href=\"https:\/\/www.jardindesmerveilles.fr\/wordpressjdm77\/vos-locaux\/\" class=\"elementor-sub-item\" tabindex=\"-1\">Vos locaux<\/a><\/li>\n\t<li class=\"menu-item menu-item-type-post_type menu-item-object-page menu-item-465\"><a href=\"https:\/\/www.jardindesmerveilles.fr\/wordpressjdm77\/location-de-plantes-et-de-fleurs-2\/\" class=\"elementor-sub-item\" tabindex=\"-1\">Location de plantes et de fleurs<\/a><\/li>\n<\/ul>\n<\/li>\n<li class=\"menu-item menu-item-type-post_type menu-item-object-page menu-item-has-children menu-item-452\"><a href=\"https:\/\/www.jardindesmerveilles.fr\/wordpressjdm77\/vous-etes-particulier\/\" class=\"elementor-item\" tabindex=\"-1\">Vous \u00eates particulier ?<\/a>\n<ul class=\"sub-menu elementor-nav-menu--dropdown\">\n\t<li class=\"menu-item menu-item-type-post_type menu-item-object-page menu-item-612\"><a href=\"https:\/\/www.jardindesmerveilles.fr\/wordpressjdm77\/vos-espaces-verts\/\" class=\"elementor-sub-item\" tabindex=\"-1\">Vos espaces verts<\/a><\/li>\n\t<li class=\"menu-item menu-item-type-post_type menu-item-object-page menu-item-471\"><a href=\"https:\/\/www.jardindesmerveilles.fr\/wordpressjdm77\/vos-evenements-prives\/\" class=\"elementor-sub-item\" tabindex=\"-1\">Vos \u00e9v\u00e9nements priv\u00e9s<\/a><\/li>\n<\/ul>\n<\/li>\n<li class=\"menu-item menu-item-type-post_type menu-item-object-page menu-item-477\"><a href=\"https:\/\/www.jardindesmerveilles.fr\/wordpressjdm77\/pourquoi-nous-choisir\/\" class=\"elementor-item\" tabindex=\"-1\">Pourquoi nous choisir ?<\/a><\/li>\n<li class=\"menu-item menu-item-type-post_type menu-item-object-page menu-item-has-children menu-item-339\"><a href=\"https:\/\/www.jardindesmerveilles.fr\/wordpressjdm77\/conseils-dexpert\/\" class=\"elementor-item\" tabindex=\"-1\">Conseils d\u2019expert<\/a>\n<ul class=\"sub-menu elementor-nav-menu--dropdown\">\n\t<li class=\"menu-item menu-item-type-post_type menu-item-object-page menu-item-1023\"><a href=\"https:\/\/www.jardindesmerveilles.fr\/wordpressjdm77\/les-conseils-de-tophe\/\" class=\"elementor-sub-item\" tabindex=\"-1\">Les conseils de Tophe<\/a><\/li>\n\t<li class=\"menu-item menu-item-type-post_type menu-item-object-page menu-item-1024\"><a href=\"https:\/\/www.jardindesmerveilles.fr\/wordpressjdm77\/pour-un-jardin-de-vos-reves\/\" class=\"elementor-sub-item\" tabindex=\"-1\">Pour un jardin de vos r\u00eaves<\/a><\/li>\n\t<li class=\"menu-item menu-item-type-post_type menu-item-object-page menu-item-1022\"><a href=\"https:\/\/www.jardindesmerveilles.fr\/wordpressjdm77\/une-vie-de-nature\/\" class=\"elementor-sub-item\" tabindex=\"-1\">Une vie de nature<\/a><\/li>\n<\/ul>\n<\/li>\n<li class=\"menu-item menu-item-type-post_type menu-item-object-page menu-item-342\"><a href=\"https:\/\/www.jardindesmerveilles.fr\/wordpressjdm77\/galerie\/\" class=\"elementor-item\" tabindex=\"-1\">Galerie<\/a><\/li>\n<li class=\"menu-item menu-item-type-post_type menu-item-object-page menu-item-343\"><a href=\"https:\/\/www.jardindesmerveilles.fr\/wordpressjdm77\/contact\/\" class=\"elementor-item\" tabindex=\"-1\">Contact<\/a><\/li>\n<\/ul>\t\t\t<\/nav>\n\t\t\t\t<\/div>\n\t\t\t\t<\/div>\n\t\t\t\t<div class=\"elementor-element elementor-element-dd25a4d elementor-widget elementor-widget-image\" data-id=\"dd25a4d\" data-element_type=\"widget\" data-widget_type=\"image.default\">\n\t\t\t\t<div class=\"elementor-widget-container\">\n\t\t\t\t\t\t\t\t\t\t\t\t\t<img fetchpriority=\"high\" decoding=\"async\" width=\"1024\" height=\"683\" src=\"https:\/\/www.jardindesmerveilles.fr\/wordpressjdm77\/wp-content\/uploads\/2024\/11\/jovan-vasiljevic-rr8uz0EmG1U-unsplash-1024x683.jpg\" class=\"attachment-large size-large wp-image-281\" alt=\"\" srcset=\"https:\/\/www.jardindesmerveilles.fr\/wordpressjdm77\/wp-content\/uploads\/2024\/11\/jovan-vasiljevic-rr8uz0EmG1U-unsplash-1024x683.jpg 1024w, https:\/\/www.jardindesmerveilles.fr\/wordpressjdm77\/wp-content\/uploads\/2024\/11\/jovan-vasiljevic-rr8uz0EmG1U-unsplash-300x200.jpg 300w, https:\/\/www.jardindesmerveilles.fr\/wordpressjdm77\/wp-content\/uploads\/2024\/11\/jovan-vasiljevic-rr8uz0EmG1U-unsplash-768x512.jpg 768w, https:\/\/www.jardindesmerveilles.fr\/wordpressjdm77\/wp-content\/uploads\/2024\/11\/jovan-vasiljevic-rr8uz0EmG1U-unsplash-1536x1024.jpg 1536w\" sizes=\"(max-width: 1024px) 100vw, 1024px\" \/>\t\t\t\t\t\t\t\t\t\t\t\t\t<\/div>\n\t\t\t\t<\/div>\n\t\t\t\t<div class=\"elementor-element elementor-element-b9f1053 elementor-widget elementor-widget-heading\" data-id=\"b9f1053\" data-element_type=\"widget\" data-widget_type=\"heading.default\">\n\t\t\t\t<div class=\"elementor-widget-container\">\n\t\t\t<h2 class=\"elementor-heading-title elementor-size-default\">Vous \u00eates particulier ?<\/h2>\t\t<\/div>\n\t\t\t\t<\/div>\n\t\t\t\t<div class=\"elementor-element elementor-element-ee13e25 elementor-widget elementor-widget-theme-site-logo elementor-widget-image\" data-id=\"ee13e25\" data-element_type=\"widget\" data-widget_type=\"theme-site-logo.default\">\n\t\t\t\t<div class=\"elementor-widget-container\">\n\t\t\t\t\t\t\t\t\t<a href=\"https:\/\/www.jardindesmerveilles.fr\/wordpressjdm77\">\n\t\t\t<img decoding=\"async\" width=\"1273\" height=\"1424\" src=\"https:\/\/www.jardindesmerveilles.fr\/wordpressjdm77\/wp-content\/uploads\/2024\/09\/logo-v3.png\" class=\"attachment-full size-full wp-image-227\" alt=\"\" srcset=\"https:\/\/www.jardindesmerveilles.fr\/wordpressjdm77\/wp-content\/uploads\/2024\/09\/logo-v3.png 1273w, https:\/\/www.jardindesmerveilles.fr\/wordpressjdm77\/wp-content\/uploads\/2024\/09\/logo-v3-268x300.png 268w, https:\/\/www.jardindesmerveilles.fr\/wordpressjdm77\/wp-content\/uploads\/2024\/09\/logo-v3-915x1024.png 915w, https:\/\/www.jardindesmerveilles.fr\/wordpressjdm77\/wp-content\/uploads\/2024\/09\/logo-v3-768x859.png 768w\" sizes=\"(max-width: 1273px) 100vw, 1273px\" \/>\t\t\t\t<\/a>\n\t\t\t\t\t\t\t\t\t<\/div>\n\t\t\t\t<\/div>\n\t\t\t\t\t<\/div>\n\t\t\t\t<\/div>\n\t\t<div class=\"elementor-element elementor-element-6c364a0b e-con-full e-flex e-con e-parent\" data-id=\"6c364a0b\" data-element_type=\"container\" data-settings=\"{&quot;background_background&quot;:&quot;classic&quot;}\">\n\t\t<div class=\"elementor-element elementor-element-16e6f2ea e-con-full e-flex e-con e-child\" data-id=\"16e6f2ea\" data-element_type=\"container\">\n\t\t\t\t<div class=\"elementor-element elementor-element-47cd37d0 elementor-widget__width-initial elementor-widget-tablet__width-inherit elementor-widget elementor-widget-heading\" data-id=\"47cd37d0\" data-element_type=\"widget\" data-widget_type=\"heading.default\">\n\t\t\t\t<div class=\"elementor-widget-container\">\n\t\t\t<h2 class=\"elementor-heading-title elementor-size-default\">Jardin des Merveilles,<br>vous accompagne et <br>vous conseille.<\/h2>\t\t<\/div>\n\t\t\t\t<\/div>\n\t\t\t\t<div class=\"elementor-element elementor-element-28502403 elementor-widget__width-initial elementor-widget-tablet__width-inherit elementor-widget elementor-widget-text-editor\" data-id=\"28502403\" data-element_type=\"widget\" data-widget_type=\"text-editor.default\">\n\t\t\t\t<div class=\"elementor-widget-container\">\n\t\t\t\t\t\t\t<p>Avec une expertise du m\u00e9tier depuis plus de 30 ans, nous sommes l&rsquo;atout majeur dont vous avez besoin pour tout ce qui touche aux plantes de loin ou de pr\u00e8s.&nbsp;<\/p>\t\t\t\t\t\t<\/div>\n\t\t\t\t<\/div>\n\t\t\t\t<\/div>\n\t\t<div class=\"elementor-element elementor-element-7b5cf4e e-flex e-con-boxed e-con e-child\" data-id=\"7b5cf4e\" data-element_type=\"container\">\n\t\t\t\t\t<div class=\"e-con-inner\">\n\t\t\t\t<div class=\"elementor-element elementor-element-6a862a39 elementor-invisible elementor-widget elementor-widget-icon-box\" data-id=\"6a862a39\" data-element_type=\"widget\" data-settings=\"{&quot;_animation&quot;:&quot;fadeInUp&quot;}\" data-widget_type=\"icon-box.default\">\n\t\t\t\t<div class=\"elementor-widget-container\">\n\t\t\t\t\t<div class=\"elementor-icon-box-wrapper\">\n\n\t\t\t\n\t\t\t\t\t\t<div class=\"elementor-icon-box-content\">\n\n\t\t\t\t\t\t\t\t\t<h3 class=\"elementor-icon-box-title\">\n\t\t\t\t\t\t<span  >\n\t\t\t\t\t\t\tNotre vision\t\t\t\t\t\t<\/span>\n\t\t\t\t\t<\/h3>\n\t\t\t\t\n\t\t\t\t\t\t\t\t\t<p class=\"elementor-icon-box-description\">\n\t\t\t\t\t\tLorem ipsum dolor sit amet, consectetur adipiscing elit, sed do eiusmod tempor incididunt ut labore et dolore magna aliqua.\t\t\t\t\t<\/p>\n\t\t\t\t\n\t\t\t<\/div>\n\t\t\t\n\t\t<\/div>\n\t\t\t\t<\/div>\n\t\t\t\t<\/div>\n\t\t\t\t<div class=\"elementor-element elementor-element-662e38dc elementor-invisible elementor-widget elementor-widget-icon-box\" data-id=\"662e38dc\" data-element_type=\"widget\" data-settings=\"{&quot;_animation&quot;:&quot;fadeInUp&quot;,&quot;_animation_delay&quot;:100}\" data-widget_type=\"icon-box.default\">\n\t\t\t\t<div class=\"elementor-widget-container\">\n\t\t\t\t\t<div class=\"elementor-icon-box-wrapper\">\n\n\t\t\t\n\t\t\t\t\t\t<div class=\"elementor-icon-box-content\">\n\n\t\t\t\t\t\t\t\t\t<h3 class=\"elementor-icon-box-title\">\n\t\t\t\t\t\t<span  >\n\t\t\t\t\t\t\tNotre Mission\t\t\t\t\t\t<\/span>\n\t\t\t\t\t<\/h3>\n\t\t\t\t\n\t\t\t\t\t\t\t\t\t<p class=\"elementor-icon-box-description\">\n\t\t\t\t\t\tLorem ipsum dolor sit amet, consectetur adipiscing elit, sed do eiusmod tempor incididunt ut labore et dolore magna aliqua.\t\t\t\t\t<\/p>\n\t\t\t\t\n\t\t\t<\/div>\n\t\t\t\n\t\t<\/div>\n\t\t\t\t<\/div>\n\t\t\t\t<\/div>\n\t\t\t\t<div class=\"elementor-element elementor-element-2ffbe0a6 elementor-invisible elementor-widget elementor-widget-icon-box\" data-id=\"2ffbe0a6\" data-element_type=\"widget\" data-settings=\"{&quot;_animation&quot;:&quot;fadeInUp&quot;,&quot;_animation_delay&quot;:200}\" data-widget_type=\"icon-box.default\">\n\t\t\t\t<div class=\"elementor-widget-container\">\n\t\t\t\t\t<div class=\"elementor-icon-box-wrapper\">\n\n\t\t\t\n\t\t\t\t\t\t<div class=\"elementor-icon-box-content\">\n\n\t\t\t\t\t\t\t\t\t<h3 class=\"elementor-icon-box-title\">\n\t\t\t\t\t\t<span  >\n\t\t\t\t\t\t\tNotre savoir-faire\t\t\t\t\t\t<\/span>\n\t\t\t\t\t<\/h3>\n\t\t\t\t\n\t\t\t\t\t\t\t\t\t<p class=\"elementor-icon-box-description\">\n\t\t\t\t\t\tLorem ipsum dolor sit amet, consectetur adipiscing elit, sed do eiusmod tempor incididunt ut labore et dolore magna aliqua.\t\t\t\t\t<\/p>\n\t\t\t\t\n\t\t\t<\/div>\n\t\t\t\n\t\t<\/div>\n\t\t\t\t<\/div>\n\t\t\t\t<\/div>\n\t\t\t\t\t<\/div>\n\t\t\t\t<\/div>\n\t\t\t\t<\/div>\n\t\t<div class=\"elementor-element elementor-element-3051c0cb e-flex e-con-boxed e-con e-parent\" data-id=\"3051c0cb\" data-element_type=\"container\" data-settings=\"{&quot;background_background&quot;:&quot;classic&quot;}\">\n\t\t\t\t\t<div class=\"e-con-inner\">\n\t\t<div class=\"elementor-element elementor-element-232b5337 e-con-full e-flex elementor-invisible e-con e-child\" data-id=\"232b5337\" data-element_type=\"container\" data-settings=\"{&quot;background_background&quot;:&quot;classic&quot;,&quot;animation&quot;:&quot;fadeInUp&quot;,&quot;animation_delay&quot;:&quot;100&quot;}\">\n\t\t\t\t<div class=\"elementor-element elementor-element-5d8d7ecc elementor-widget elementor-widget-heading\" data-id=\"5d8d7ecc\" data-element_type=\"widget\" data-widget_type=\"heading.default\">\n\t\t\t\t<div class=\"elementor-widget-container\">\n\t\t\t<h2 class=\"elementor-heading-title elementor-size-default\">vos espaces verts<\/h2>\t\t<\/div>\n\t\t\t\t<\/div>\n\t\t\t\t<div class=\"elementor-element elementor-element-52f79da7 elementor-widget__width-inherit elementor-widget elementor-widget-image\" data-id=\"52f79da7\" data-element_type=\"widget\" data-widget_type=\"image.default\">\n\t\t\t\t<div class=\"elementor-widget-container\">\n\t\t\t\t\t\t\t\t\t\t\t\t\t<img decoding=\"async\" width=\"683\" height=\"1024\" src=\"https:\/\/www.jardindesmerveilles.fr\/wordpressjdm77\/wp-content\/uploads\/2024\/11\/jovan-vasiljevic-K2ikdOErSTM-unsplash-683x1024.jpg\" class=\"attachment-large size-large wp-image-272\" alt=\"\" srcset=\"https:\/\/www.jardindesmerveilles.fr\/wordpressjdm77\/wp-content\/uploads\/2024\/11\/jovan-vasiljevic-K2ikdOErSTM-unsplash-683x1024.jpg 683w, https:\/\/www.jardindesmerveilles.fr\/wordpressjdm77\/wp-content\/uploads\/2024\/11\/jovan-vasiljevic-K2ikdOErSTM-unsplash-200x300.jpg 200w, https:\/\/www.jardindesmerveilles.fr\/wordpressjdm77\/wp-content\/uploads\/2024\/11\/jovan-vasiljevic-K2ikdOErSTM-unsplash-768x1152.jpg 768w, https:\/\/www.jardindesmerveilles.fr\/wordpressjdm77\/wp-content\/uploads\/2024\/11\/jovan-vasiljevic-K2ikdOErSTM-unsplash-1024x1536.jpg 1024w, https:\/\/www.jardindesmerveilles.fr\/wordpressjdm77\/wp-content\/uploads\/2024\/11\/jovan-vasiljevic-K2ikdOErSTM-unsplash-scaled.jpg 1707w\" sizes=\"(max-width: 683px) 100vw, 683px\" \/>\t\t\t\t\t\t\t\t\t\t\t\t\t<\/div>\n\t\t\t\t<\/div>\n\t\t\t\t<div class=\"elementor-element elementor-element-567fc2c3 elementor-align-center elementor-mobile-align-center elementor-widget elementor-widget-button\" data-id=\"567fc2c3\" data-element_type=\"widget\" data-widget_type=\"button.default\">\n\t\t\t\t<div class=\"elementor-widget-container\">\n\t\t\t\t\t\t\t<div class=\"elementor-button-wrapper\">\n\t\t\t\t\t<a class=\"elementor-button elementor-button-link elementor-size-sm elementor-animation-grow\" href=\"\">\n\t\t\t\t\t\t<span class=\"elementor-button-content-wrapper\">\n\t\t\t\t\t\t\t\t\t<span class=\"elementor-button-text\">d\u00e9couvrir nos cr\u00e9ations<\/span>\n\t\t\t\t\t<\/span>\n\t\t\t\t\t<\/a>\n\t\t\t\t<\/div>\n\t\t\t\t\t\t<\/div>\n\t\t\t\t<\/div>\n\t\t<div class=\"elementor-element elementor-element-4ceac21b e-con-full e-flex e-con e-child\" data-id=\"4ceac21b\" data-element_type=\"container\" data-settings=\"{&quot;background_background&quot;:&quot;classic&quot;}\">\n\t\t\t\t<\/div>\n\t\t\t\t<\/div>\n\t\t<div class=\"elementor-element elementor-element-5df72d23 e-con-full e-flex elementor-invisible e-con e-child\" data-id=\"5df72d23\" data-element_type=\"container\" data-settings=\"{&quot;background_background&quot;:&quot;classic&quot;,&quot;animation&quot;:&quot;fadeInUp&quot;,&quot;animation_delay&quot;:&quot;300&quot;}\">\n\t\t\t\t<div class=\"elementor-element elementor-element-40298d5 elementor-widget elementor-widget-heading\" data-id=\"40298d5\" data-element_type=\"widget\" data-widget_type=\"heading.default\">\n\t\t\t\t<div class=\"elementor-widget-container\">\n\t\t\t<h2 class=\"elementor-heading-title elementor-size-default\">vos \u00e9v\u00e9nements prives<\/h2>\t\t<\/div>\n\t\t\t\t<\/div>\n\t\t\t\t<div class=\"elementor-element elementor-element-203df18c elementor-widget__width-inherit elementor-widget elementor-widget-image\" data-id=\"203df18c\" data-element_type=\"widget\" data-widget_type=\"image.default\">\n\t\t\t\t<div class=\"elementor-widget-container\">\n\t\t\t\t\t\t\t\t\t\t\t\t\t<img loading=\"lazy\" decoding=\"async\" width=\"1024\" height=\"683\" src=\"https:\/\/www.jardindesmerveilles.fr\/wordpressjdm77\/wp-content\/uploads\/2024\/12\/328152861_1628702954225400_326119469883656807_n-1024x683.jpg\" class=\"attachment-large size-large wp-image-551\" alt=\"\" srcset=\"https:\/\/www.jardindesmerveilles.fr\/wordpressjdm77\/wp-content\/uploads\/2024\/12\/328152861_1628702954225400_326119469883656807_n-1024x683.jpg 1024w, https:\/\/www.jardindesmerveilles.fr\/wordpressjdm77\/wp-content\/uploads\/2024\/12\/328152861_1628702954225400_326119469883656807_n-300x200.jpg 300w, https:\/\/www.jardindesmerveilles.fr\/wordpressjdm77\/wp-content\/uploads\/2024\/12\/328152861_1628702954225400_326119469883656807_n-768x512.jpg 768w, https:\/\/www.jardindesmerveilles.fr\/wordpressjdm77\/wp-content\/uploads\/2024\/12\/328152861_1628702954225400_326119469883656807_n.jpg 1170w\" sizes=\"(max-width: 1024px) 100vw, 1024px\" \/>\t\t\t\t\t\t\t\t\t\t\t\t\t<\/div>\n\t\t\t\t<\/div>\n\t\t\t\t<div class=\"elementor-element elementor-element-1b8621c1 elementor-align-center elementor-mobile-align-center elementor-widget elementor-widget-button\" data-id=\"1b8621c1\" data-element_type=\"widget\" data-widget_type=\"button.default\">\n\t\t\t\t<div class=\"elementor-widget-container\">\n\t\t\t\t\t\t\t<div class=\"elementor-button-wrapper\">\n\t\t\t\t\t<a class=\"elementor-button elementor-button-link elementor-size-sm elementor-animation-grow\" href=\"\">\n\t\t\t\t\t\t<span class=\"elementor-button-content-wrapper\">\n\t\t\t\t\t\t\t\t\t<span class=\"elementor-button-text\">D\u00e9couvrir nos cr\u00e9ations<\/span>\n\t\t\t\t\t<\/span>\n\t\t\t\t\t<\/a>\n\t\t\t\t<\/div>\n\t\t\t\t\t\t<\/div>\n\t\t\t\t<\/div>\n\t\t<div class=\"elementor-element elementor-element-1f3b510 e-con-full e-flex e-con e-child\" data-id=\"1f3b510\" data-element_type=\"container\">\n\t\t\t\t<\/div>\n\t\t\t\t<\/div>\n\t\t\t\t\t<\/div>\n\t\t\t\t<\/div>\n\t\t\t\t<\/div>\n\t\t","protected":false},"excerpt":{"rendered":"<p>Vous \u00eates particulier ? Jardin des Merveilles,vous accompagne et vous conseille. Avec une expertise du m\u00e9tier depuis plus de 30 ans, nous sommes l&rsquo;atout majeur dont vous avez besoin pour tout ce qui touche aux plantes de loin ou de pr\u00e8s.&nbsp; Notre vision Lorem ipsum dolor sit amet, consectetur adipiscing elit, sed do eiusmod tempor [&hellip;]<\/p>\n","protected":false},"author":2,"featured_media":0,"parent":0,"menu_order":0,"comment_status":"closed","ping_status":"closed","template":"","meta":{"footnotes":""},"class_list":["post-451","page","type-page","status-publish","hentry","entry"],"_links":{"self":[{"href":"https:\/\/www.jardindesmerveilles.fr\/wordpressjdm77\/wp-json\/wp\/v2\/pages\/451","targetHints":{"allow":["GET"]}}],"collection":[{"href":"https:\/\/www.jardindesmerveilles.fr\/wordpressjdm77\/wp-json\/wp\/v2\/pages"}],"about":[{"href":"https:\/\/www.jardindesmerveilles.fr\/wordpressjdm77\/wp-json\/wp\/v2\/types\/page"}],"author":[{"embeddable":true,"href":"https:\/\/www.jardindesmerveilles.fr\/wordpressjdm77\/wp-json\/wp\/v2\/users\/2"}],"replies":[{"embeddable":true,"href":"https:\/\/www.jardindesmerveilles.fr\/wordpressjdm77\/wp-json\/wp\/v2\/comments?post=451"}],"version-history":[{"count":31,"href":"https:\/\/www.jardindesmerveilles.fr\/wordpressjdm77\/wp-json\/wp\/v2\/pages\/451\/revisions"}],"predecessor-version":[{"id":973,"href":"https:\/\/www.jardindesmerveilles.fr\/wordpressjdm77\/wp-json\/wp\/v2\/pages\/451\/revisions\/973"}],"wp:attachment":[{"href":"https:\/\/www.jardindesmerveilles.fr\/wordpressjdm77\/wp-json\/wp\/v2\/media?parent=451"}],"curies":[{"name":"wp","href":"https:\/\/api.w.org\/{rel}","templated":true}]}}