{"id":335,"date":"2024-12-05T10:17:00","date_gmt":"2024-12-05T09:17:00","guid":{"rendered":"https:\/\/www.jardindesmerveilles.fr\/wordpressjdm77\/?page_id=335"},"modified":"2024-12-14T18:02:08","modified_gmt":"2024-12-14T17:02:08","slug":"pour-un-jardin-de-vos-reves","status":"publish","type":"page","link":"https:\/\/www.jardindesmerveilles.fr\/wordpressjdm77\/pour-un-jardin-de-vos-reves\/","title":{"rendered":"Pour un jardin de vos r\u00eaves"},"content":{"rendered":"\t\t<div data-elementor-type=\"wp-page\" data-elementor-id=\"335\" class=\"elementor elementor-335\" data-elementor-post-type=\"page\">\n\t\t\t\t<div class=\"elementor-element elementor-element-8fef911 e-flex e-con-boxed e-con e-parent\" data-id=\"8fef911\" data-element_type=\"container\" data-settings=\"{&quot;background_background&quot;:&quot;classic&quot;}\">\n\t\t\t\t\t<div class=\"e-con-inner\">\n\t\t\t\t<div class=\"elementor-element elementor-element-c76b01f elementor-nav-menu--dropdown-tablet elementor-nav-menu__text-align-aside elementor-nav-menu--toggle elementor-nav-menu--burger elementor-widget elementor-widget-nav-menu\" data-id=\"c76b01f\" data-element_type=\"widget\" data-settings=\"{&quot;layout&quot;:&quot;horizontal&quot;,&quot;submenu_icon&quot;:{&quot;value&quot;:&quot;&lt;svg class=\\&quot;e-font-icon-svg e-fas-caret-down\\&quot; viewBox=\\&quot;0 0 320 512\\&quot; xmlns=\\&quot;http:\\\/\\\/www.w3.org\\\/2000\\\/svg\\&quot;&gt;&lt;path d=\\&quot;M31.3 192h257.3c17.8 0 26.7 21.5 14.1 34.1L174.1 354.8c-7.8 7.8-20.5 7.8-28.3 0L17.2 226.1C4.6 213.5 13.5 192 31.3 192z\\&quot;&gt;&lt;\\\/path&gt;&lt;\\\/svg&gt;&quot;,&quot;library&quot;:&quot;fa-solid&quot;},&quot;toggle&quot;:&quot;burger&quot;}\" data-widget_type=\"nav-menu.default\">\n\t\t\t\t<div class=\"elementor-widget-container\">\n\t\t\t\t\t\t<nav aria-label=\"Menu\" class=\"elementor-nav-menu--main elementor-nav-menu__container elementor-nav-menu--layout-horizontal e--pointer-underline e--animation-fade\">\n\t\t\t\t<ul id=\"menu-1-c76b01f\" class=\"elementor-nav-menu\"><li class=\"menu-item menu-item-type-post_type menu-item-object-page menu-item-has-children menu-item-455\"><a href=\"https:\/\/www.jardindesmerveilles.fr\/wordpressjdm77\/vous-etes-professionnel\/\" class=\"elementor-item\">Vous \u00eates professionnel\/entreprise ?<\/a>\n<ul class=\"sub-menu elementor-nav-menu--dropdown\">\n\t<li class=\"menu-item menu-item-type-post_type menu-item-object-page menu-item-468\"><a href=\"https:\/\/www.jardindesmerveilles.fr\/wordpressjdm77\/vos-decors-evenementiels\/\" class=\"elementor-sub-item\">Vos d\u00e9cors \u00e9v\u00e9nementiels<\/a><\/li>\n\t<li class=\"menu-item menu-item-type-post_type menu-item-object-page menu-item-462\"><a href=\"https:\/\/www.jardindesmerveilles.fr\/wordpressjdm77\/vos-locaux\/\" class=\"elementor-sub-item\">Vos locaux<\/a><\/li>\n\t<li class=\"menu-item menu-item-type-post_type menu-item-object-page menu-item-465\"><a href=\"https:\/\/www.jardindesmerveilles.fr\/wordpressjdm77\/location-de-plantes-et-de-fleurs-2\/\" class=\"elementor-sub-item\">Location de plantes et de fleurs<\/a><\/li>\n<\/ul>\n<\/li>\n<li class=\"menu-item menu-item-type-post_type menu-item-object-page menu-item-has-children menu-item-452\"><a href=\"https:\/\/www.jardindesmerveilles.fr\/wordpressjdm77\/vous-etes-particulier\/\" class=\"elementor-item\">Vous \u00eates particulier ?<\/a>\n<ul class=\"sub-menu elementor-nav-menu--dropdown\">\n\t<li class=\"menu-item menu-item-type-post_type menu-item-object-page menu-item-612\"><a href=\"https:\/\/www.jardindesmerveilles.fr\/wordpressjdm77\/vos-espaces-verts\/\" class=\"elementor-sub-item\">Vos espaces verts<\/a><\/li>\n\t<li class=\"menu-item menu-item-type-post_type menu-item-object-page menu-item-471\"><a href=\"https:\/\/www.jardindesmerveilles.fr\/wordpressjdm77\/vos-evenements-prives\/\" class=\"elementor-sub-item\">Vos \u00e9v\u00e9nements priv\u00e9s<\/a><\/li>\n<\/ul>\n<\/li>\n<li class=\"menu-item menu-item-type-post_type menu-item-object-page menu-item-477\"><a href=\"https:\/\/www.jardindesmerveilles.fr\/wordpressjdm77\/pourquoi-nous-choisir\/\" class=\"elementor-item\">Pourquoi nous choisir ?<\/a><\/li>\n<li class=\"menu-item menu-item-type-post_type menu-item-object-page menu-item-has-children menu-item-339\"><a href=\"https:\/\/www.jardindesmerveilles.fr\/wordpressjdm77\/conseils-dexpert\/\" class=\"elementor-item\">Conseils d\u2019expert<\/a>\n<ul class=\"sub-menu elementor-nav-menu--dropdown\">\n\t<li class=\"menu-item menu-item-type-post_type menu-item-object-page menu-item-1023\"><a href=\"https:\/\/www.jardindesmerveilles.fr\/wordpressjdm77\/les-conseils-de-tophe\/\" class=\"elementor-sub-item\">Les conseils de Tophe<\/a><\/li>\n\t<li class=\"menu-item menu-item-type-post_type menu-item-object-page menu-item-1024\"><a href=\"https:\/\/www.jardindesmerveilles.fr\/wordpressjdm77\/pour-un-jardin-de-vos-reves\/\" class=\"elementor-sub-item\">Pour un jardin de vos r\u00eaves<\/a><\/li>\n\t<li class=\"menu-item menu-item-type-post_type menu-item-object-page menu-item-1022\"><a href=\"https:\/\/www.jardindesmerveilles.fr\/wordpressjdm77\/une-vie-de-nature\/\" class=\"elementor-sub-item\">Une vie de nature<\/a><\/li>\n<\/ul>\n<\/li>\n<li class=\"menu-item menu-item-type-post_type menu-item-object-page menu-item-342\"><a href=\"https:\/\/www.jardindesmerveilles.fr\/wordpressjdm77\/galerie\/\" class=\"elementor-item\">Galerie<\/a><\/li>\n<li class=\"menu-item menu-item-type-post_type menu-item-object-page menu-item-343\"><a href=\"https:\/\/www.jardindesmerveilles.fr\/wordpressjdm77\/contact\/\" class=\"elementor-item\">Contact<\/a><\/li>\n<\/ul>\t\t\t<\/nav>\n\t\t\t\t\t<div class=\"elementor-menu-toggle\" role=\"button\" tabindex=\"0\" aria-label=\"Permuter le menu\" aria-expanded=\"false\">\n\t\t\t<svg aria-hidden=\"true\" role=\"presentation\" class=\"elementor-menu-toggle__icon--open e-font-icon-svg e-eicon-menu-bar\" viewBox=\"0 0 1000 1000\" xmlns=\"http:\/\/www.w3.org\/2000\/svg\"><path d=\"M104 333H896C929 333 958 304 958 271S929 208 896 208H104C71 208 42 237 42 271S71 333 104 333ZM104 583H896C929 583 958 554 958 521S929 458 896 458H104C71 458 42 487 42 521S71 583 104 583ZM104 833H896C929 833 958 804 958 771S929 708 896 708H104C71 708 42 737 42 771S71 833 104 833Z\"><\/path><\/svg><svg aria-hidden=\"true\" role=\"presentation\" class=\"elementor-menu-toggle__icon--close e-font-icon-svg e-eicon-close\" viewBox=\"0 0 1000 1000\" xmlns=\"http:\/\/www.w3.org\/2000\/svg\"><path d=\"M742 167L500 408 258 167C246 154 233 150 217 150 196 150 179 158 167 167 154 179 150 196 150 212 150 229 154 242 171 254L408 500 167 742C138 771 138 800 167 829 196 858 225 858 254 829L496 587 738 829C750 842 767 846 783 846 800 846 817 842 829 829 842 817 846 804 846 783 846 767 842 750 829 737L588 500 833 258C863 229 863 200 833 171 804 137 775 137 742 167Z\"><\/path><\/svg>\t\t\t<span class=\"elementor-screen-only\">Menu<\/span>\n\t\t<\/div>\n\t\t\t\t\t<nav class=\"elementor-nav-menu--dropdown elementor-nav-menu__container\" aria-hidden=\"true\">\n\t\t\t\t<ul id=\"menu-2-c76b01f\" class=\"elementor-nav-menu\"><li class=\"menu-item menu-item-type-post_type menu-item-object-page menu-item-has-children menu-item-455\"><a href=\"https:\/\/www.jardindesmerveilles.fr\/wordpressjdm77\/vous-etes-professionnel\/\" class=\"elementor-item\" tabindex=\"-1\">Vous \u00eates professionnel\/entreprise ?<\/a>\n<ul class=\"sub-menu elementor-nav-menu--dropdown\">\n\t<li class=\"menu-item menu-item-type-post_type menu-item-object-page menu-item-468\"><a href=\"https:\/\/www.jardindesmerveilles.fr\/wordpressjdm77\/vos-decors-evenementiels\/\" class=\"elementor-sub-item\" tabindex=\"-1\">Vos d\u00e9cors \u00e9v\u00e9nementiels<\/a><\/li>\n\t<li class=\"menu-item menu-item-type-post_type menu-item-object-page menu-item-462\"><a href=\"https:\/\/www.jardindesmerveilles.fr\/wordpressjdm77\/vos-locaux\/\" class=\"elementor-sub-item\" tabindex=\"-1\">Vos locaux<\/a><\/li>\n\t<li class=\"menu-item menu-item-type-post_type menu-item-object-page menu-item-465\"><a href=\"https:\/\/www.jardindesmerveilles.fr\/wordpressjdm77\/location-de-plantes-et-de-fleurs-2\/\" class=\"elementor-sub-item\" tabindex=\"-1\">Location de plantes et de fleurs<\/a><\/li>\n<\/ul>\n<\/li>\n<li class=\"menu-item menu-item-type-post_type menu-item-object-page menu-item-has-children menu-item-452\"><a href=\"https:\/\/www.jardindesmerveilles.fr\/wordpressjdm77\/vous-etes-particulier\/\" class=\"elementor-item\" tabindex=\"-1\">Vous \u00eates particulier ?<\/a>\n<ul class=\"sub-menu elementor-nav-menu--dropdown\">\n\t<li class=\"menu-item menu-item-type-post_type menu-item-object-page menu-item-612\"><a href=\"https:\/\/www.jardindesmerveilles.fr\/wordpressjdm77\/vos-espaces-verts\/\" class=\"elementor-sub-item\" tabindex=\"-1\">Vos espaces verts<\/a><\/li>\n\t<li class=\"menu-item menu-item-type-post_type menu-item-object-page menu-item-471\"><a href=\"https:\/\/www.jardindesmerveilles.fr\/wordpressjdm77\/vos-evenements-prives\/\" class=\"elementor-sub-item\" tabindex=\"-1\">Vos \u00e9v\u00e9nements priv\u00e9s<\/a><\/li>\n<\/ul>\n<\/li>\n<li class=\"menu-item menu-item-type-post_type menu-item-object-page menu-item-477\"><a href=\"https:\/\/www.jardindesmerveilles.fr\/wordpressjdm77\/pourquoi-nous-choisir\/\" class=\"elementor-item\" tabindex=\"-1\">Pourquoi nous choisir ?<\/a><\/li>\n<li class=\"menu-item menu-item-type-post_type menu-item-object-page menu-item-has-children menu-item-339\"><a href=\"https:\/\/www.jardindesmerveilles.fr\/wordpressjdm77\/conseils-dexpert\/\" class=\"elementor-item\" tabindex=\"-1\">Conseils d\u2019expert<\/a>\n<ul class=\"sub-menu elementor-nav-menu--dropdown\">\n\t<li class=\"menu-item menu-item-type-post_type menu-item-object-page menu-item-1023\"><a href=\"https:\/\/www.jardindesmerveilles.fr\/wordpressjdm77\/les-conseils-de-tophe\/\" class=\"elementor-sub-item\" tabindex=\"-1\">Les conseils de Tophe<\/a><\/li>\n\t<li class=\"menu-item menu-item-type-post_type menu-item-object-page menu-item-1024\"><a href=\"https:\/\/www.jardindesmerveilles.fr\/wordpressjdm77\/pour-un-jardin-de-vos-reves\/\" class=\"elementor-sub-item\" tabindex=\"-1\">Pour un jardin de vos r\u00eaves<\/a><\/li>\n\t<li class=\"menu-item menu-item-type-post_type menu-item-object-page menu-item-1022\"><a href=\"https:\/\/www.jardindesmerveilles.fr\/wordpressjdm77\/une-vie-de-nature\/\" class=\"elementor-sub-item\" tabindex=\"-1\">Une vie de nature<\/a><\/li>\n<\/ul>\n<\/li>\n<li class=\"menu-item menu-item-type-post_type menu-item-object-page menu-item-342\"><a href=\"https:\/\/www.jardindesmerveilles.fr\/wordpressjdm77\/galerie\/\" class=\"elementor-item\" tabindex=\"-1\">Galerie<\/a><\/li>\n<li class=\"menu-item menu-item-type-post_type menu-item-object-page menu-item-343\"><a href=\"https:\/\/www.jardindesmerveilles.fr\/wordpressjdm77\/contact\/\" class=\"elementor-item\" tabindex=\"-1\">Contact<\/a><\/li>\n<\/ul>\t\t\t<\/nav>\n\t\t\t\t<\/div>\n\t\t\t\t<\/div>\n\t\t\t\t<div class=\"elementor-element elementor-element-bbd6b6b elementor-widget elementor-widget-image\" data-id=\"bbd6b6b\" data-element_type=\"widget\" data-widget_type=\"image.default\">\n\t\t\t\t<div class=\"elementor-widget-container\">\n\t\t\t\t\t\t\t\t\t\t\t\t\t<img fetchpriority=\"high\" decoding=\"async\" width=\"683\" height=\"1024\" src=\"https:\/\/www.jardindesmerveilles.fr\/wordpressjdm77\/wp-content\/uploads\/2024\/12\/jonathan-kemper-VTXw4_5SsNA-unsplash-683x1024.jpg\" class=\"attachment-large size-large wp-image-739\" alt=\"\" srcset=\"https:\/\/www.jardindesmerveilles.fr\/wordpressjdm77\/wp-content\/uploads\/2024\/12\/jonathan-kemper-VTXw4_5SsNA-unsplash-683x1024.jpg 683w, https:\/\/www.jardindesmerveilles.fr\/wordpressjdm77\/wp-content\/uploads\/2024\/12\/jonathan-kemper-VTXw4_5SsNA-unsplash-200x300.jpg 200w, https:\/\/www.jardindesmerveilles.fr\/wordpressjdm77\/wp-content\/uploads\/2024\/12\/jonathan-kemper-VTXw4_5SsNA-unsplash-768x1152.jpg 768w, https:\/\/www.jardindesmerveilles.fr\/wordpressjdm77\/wp-content\/uploads\/2024\/12\/jonathan-kemper-VTXw4_5SsNA-unsplash-scaled.jpg 1707w\" sizes=\"(max-width: 683px) 100vw, 683px\" \/>\t\t\t\t\t\t\t\t\t\t\t\t\t<\/div>\n\t\t\t\t<\/div>\n\t\t\t\t<div class=\"elementor-element elementor-element-20bf49f elementor-widget elementor-widget-heading\" data-id=\"20bf49f\" data-element_type=\"widget\" data-widget_type=\"heading.default\">\n\t\t\t\t<div class=\"elementor-widget-container\">\n\t\t\t<h2 class=\"elementor-heading-title elementor-size-default\">POUR UN JARDIN DE REVE<\/h2>\t\t<\/div>\n\t\t\t\t<\/div>\n\t\t\t\t<div class=\"elementor-element elementor-element-2a3fa65 elementor-widget elementor-widget-theme-site-logo elementor-widget-image\" data-id=\"2a3fa65\" data-element_type=\"widget\" data-widget_type=\"theme-site-logo.default\">\n\t\t\t\t<div class=\"elementor-widget-container\">\n\t\t\t\t\t\t\t\t\t<a href=\"https:\/\/www.jardindesmerveilles.fr\/wordpressjdm77\">\n\t\t\t<img decoding=\"async\" width=\"1273\" height=\"1424\" src=\"https:\/\/www.jardindesmerveilles.fr\/wordpressjdm77\/wp-content\/uploads\/2024\/09\/logo-v3.png\" class=\"attachment-full size-full wp-image-227\" alt=\"\" srcset=\"https:\/\/www.jardindesmerveilles.fr\/wordpressjdm77\/wp-content\/uploads\/2024\/09\/logo-v3.png 1273w, https:\/\/www.jardindesmerveilles.fr\/wordpressjdm77\/wp-content\/uploads\/2024\/09\/logo-v3-268x300.png 268w, https:\/\/www.jardindesmerveilles.fr\/wordpressjdm77\/wp-content\/uploads\/2024\/09\/logo-v3-915x1024.png 915w, https:\/\/www.jardindesmerveilles.fr\/wordpressjdm77\/wp-content\/uploads\/2024\/09\/logo-v3-768x859.png 768w\" sizes=\"(max-width: 1273px) 100vw, 1273px\" \/>\t\t\t\t<\/a>\n\t\t\t\t\t\t\t\t\t<\/div>\n\t\t\t\t<\/div>\n\t\t\t\t\t<\/div>\n\t\t\t\t<\/div>\n\t\t\t\t<\/div>\n\t\t","protected":false},"excerpt":{"rendered":"<p>POUR UN JARDIN DE REVE<\/p>\n","protected":false},"author":2,"featured_media":0,"parent":0,"menu_order":0,"comment_status":"closed","ping_status":"closed","template":"","meta":{"footnotes":""},"class_list":["post-335","page","type-page","status-publish","hentry","entry"],"_links":{"self":[{"href":"https:\/\/www.jardindesmerveilles.fr\/wordpressjdm77\/wp-json\/wp\/v2\/pages\/335","targetHints":{"allow":["GET"]}}],"collection":[{"href":"https:\/\/www.jardindesmerveilles.fr\/wordpressjdm77\/wp-json\/wp\/v2\/pages"}],"about":[{"href":"https:\/\/www.jardindesmerveilles.fr\/wordpressjdm77\/wp-json\/wp\/v2\/types\/page"}],"author":[{"embeddable":true,"href":"https:\/\/www.jardindesmerveilles.fr\/wordpressjdm77\/wp-json\/wp\/v2\/users\/2"}],"replies":[{"embeddable":true,"href":"https:\/\/www.jardindesmerveilles.fr\/wordpressjdm77\/wp-json\/wp\/v2\/comments?post=335"}],"version-history":[{"count":7,"href":"https:\/\/www.jardindesmerveilles.fr\/wordpressjdm77\/wp-json\/wp\/v2\/pages\/335\/revisions"}],"predecessor-version":[{"id":1018,"href":"https:\/\/www.jardindesmerveilles.fr\/wordpressjdm77\/wp-json\/wp\/v2\/pages\/335\/revisions\/1018"}],"wp:attachment":[{"href":"https:\/\/www.jardindesmerveilles.fr\/wordpressjdm77\/wp-json\/wp\/v2\/media?parent=335"}],"curies":[{"name":"wp","href":"https:\/\/api.w.org\/{rel}","templated":true}]}}