{"id":327,"date":"2024-12-05T10:15:30","date_gmt":"2024-12-05T09:15:30","guid":{"rendered":"https:\/\/www.jardindesmerveilles.fr\/wordpressjdm77\/?page_id=327"},"modified":"2024-12-14T17:20:13","modified_gmt":"2024-12-14T16:20:13","slug":"contact","status":"publish","type":"page","link":"https:\/\/www.jardindesmerveilles.fr\/wordpressjdm77\/contact\/","title":{"rendered":"Contact"},"content":{"rendered":"\t\t<div data-elementor-type=\"wp-page\" data-elementor-id=\"327\" class=\"elementor elementor-327\" data-elementor-post-type=\"page\">\n\t\t\t\t<div class=\"elementor-element elementor-element-3e6576c e-flex e-con-boxed e-con e-parent\" data-id=\"3e6576c\" data-element_type=\"container\" data-settings=\"{&quot;background_background&quot;:&quot;classic&quot;}\">\n\t\t\t\t\t<div class=\"e-con-inner\">\n\t\t\t\t<div class=\"elementor-element elementor-element-f6f3348 elementor-nav-menu--dropdown-tablet elementor-nav-menu__text-align-aside elementor-nav-menu--toggle elementor-nav-menu--burger elementor-widget elementor-widget-nav-menu\" data-id=\"f6f3348\" data-element_type=\"widget\" data-settings=\"{&quot;layout&quot;:&quot;horizontal&quot;,&quot;submenu_icon&quot;:{&quot;value&quot;:&quot;&lt;svg class=\\&quot;e-font-icon-svg e-fas-caret-down\\&quot; viewBox=\\&quot;0 0 320 512\\&quot; xmlns=\\&quot;http:\\\/\\\/www.w3.org\\\/2000\\\/svg\\&quot;&gt;&lt;path d=\\&quot;M31.3 192h257.3c17.8 0 26.7 21.5 14.1 34.1L174.1 354.8c-7.8 7.8-20.5 7.8-28.3 0L17.2 226.1C4.6 213.5 13.5 192 31.3 192z\\&quot;&gt;&lt;\\\/path&gt;&lt;\\\/svg&gt;&quot;,&quot;library&quot;:&quot;fa-solid&quot;},&quot;toggle&quot;:&quot;burger&quot;}\" data-widget_type=\"nav-menu.default\">\n\t\t\t\t<div class=\"elementor-widget-container\">\n\t\t\t\t\t\t<nav aria-label=\"Menu\" class=\"elementor-nav-menu--main elementor-nav-menu__container elementor-nav-menu--layout-horizontal e--pointer-underline e--animation-fade\">\n\t\t\t\t<ul id=\"menu-1-f6f3348\" class=\"elementor-nav-menu\"><li class=\"menu-item menu-item-type-post_type menu-item-object-page menu-item-has-children menu-item-455\"><a href=\"https:\/\/www.jardindesmerveilles.fr\/wordpressjdm77\/vous-etes-professionnel\/\" class=\"elementor-item\">Vous \u00eates professionnel\/entreprise ?<\/a>\n<ul class=\"sub-menu elementor-nav-menu--dropdown\">\n\t<li class=\"menu-item menu-item-type-post_type menu-item-object-page menu-item-468\"><a href=\"https:\/\/www.jardindesmerveilles.fr\/wordpressjdm77\/vos-decors-evenementiels\/\" class=\"elementor-sub-item\">Vos d\u00e9cors \u00e9v\u00e9nementiels<\/a><\/li>\n\t<li class=\"menu-item menu-item-type-post_type menu-item-object-page menu-item-462\"><a href=\"https:\/\/www.jardindesmerveilles.fr\/wordpressjdm77\/vos-locaux\/\" class=\"elementor-sub-item\">Vos locaux<\/a><\/li>\n\t<li class=\"menu-item menu-item-type-post_type menu-item-object-page menu-item-465\"><a href=\"https:\/\/www.jardindesmerveilles.fr\/wordpressjdm77\/location-de-plantes-et-de-fleurs-2\/\" class=\"elementor-sub-item\">Location de plantes et de fleurs<\/a><\/li>\n<\/ul>\n<\/li>\n<li class=\"menu-item menu-item-type-post_type menu-item-object-page menu-item-has-children menu-item-452\"><a href=\"https:\/\/www.jardindesmerveilles.fr\/wordpressjdm77\/vous-etes-particulier\/\" class=\"elementor-item\">Vous \u00eates particulier ?<\/a>\n<ul class=\"sub-menu elementor-nav-menu--dropdown\">\n\t<li class=\"menu-item menu-item-type-post_type menu-item-object-page menu-item-612\"><a href=\"https:\/\/www.jardindesmerveilles.fr\/wordpressjdm77\/vos-espaces-verts\/\" class=\"elementor-sub-item\">Vos espaces verts<\/a><\/li>\n\t<li class=\"menu-item menu-item-type-post_type menu-item-object-page menu-item-471\"><a href=\"https:\/\/www.jardindesmerveilles.fr\/wordpressjdm77\/vos-evenements-prives\/\" class=\"elementor-sub-item\">Vos \u00e9v\u00e9nements priv\u00e9s<\/a><\/li>\n<\/ul>\n<\/li>\n<li class=\"menu-item menu-item-type-post_type menu-item-object-page menu-item-477\"><a href=\"https:\/\/www.jardindesmerveilles.fr\/wordpressjdm77\/pourquoi-nous-choisir\/\" class=\"elementor-item\">Pourquoi nous choisir ?<\/a><\/li>\n<li class=\"menu-item menu-item-type-post_type menu-item-object-page menu-item-has-children menu-item-339\"><a href=\"https:\/\/www.jardindesmerveilles.fr\/wordpressjdm77\/conseils-dexpert\/\" class=\"elementor-item\">Conseils d\u2019expert<\/a>\n<ul class=\"sub-menu elementor-nav-menu--dropdown\">\n\t<li class=\"menu-item menu-item-type-post_type menu-item-object-page menu-item-1023\"><a href=\"https:\/\/www.jardindesmerveilles.fr\/wordpressjdm77\/les-conseils-de-tophe\/\" class=\"elementor-sub-item\">Les conseils de Tophe<\/a><\/li>\n\t<li class=\"menu-item menu-item-type-post_type menu-item-object-page menu-item-1024\"><a href=\"https:\/\/www.jardindesmerveilles.fr\/wordpressjdm77\/pour-un-jardin-de-vos-reves\/\" class=\"elementor-sub-item\">Pour un jardin de vos r\u00eaves<\/a><\/li>\n\t<li class=\"menu-item menu-item-type-post_type menu-item-object-page menu-item-1022\"><a href=\"https:\/\/www.jardindesmerveilles.fr\/wordpressjdm77\/une-vie-de-nature\/\" class=\"elementor-sub-item\">Une vie de nature<\/a><\/li>\n<\/ul>\n<\/li>\n<li class=\"menu-item menu-item-type-post_type menu-item-object-page menu-item-342\"><a href=\"https:\/\/www.jardindesmerveilles.fr\/wordpressjdm77\/galerie\/\" class=\"elementor-item\">Galerie<\/a><\/li>\n<li class=\"menu-item menu-item-type-post_type menu-item-object-page menu-item-343\"><a href=\"https:\/\/www.jardindesmerveilles.fr\/wordpressjdm77\/contact\/\" class=\"elementor-item\">Contact<\/a><\/li>\n<\/ul>\t\t\t<\/nav>\n\t\t\t\t\t<div class=\"elementor-menu-toggle\" role=\"button\" tabindex=\"0\" aria-label=\"Permuter le menu\" aria-expanded=\"false\">\n\t\t\t<svg aria-hidden=\"true\" role=\"presentation\" class=\"elementor-menu-toggle__icon--open e-font-icon-svg e-eicon-menu-bar\" viewBox=\"0 0 1000 1000\" xmlns=\"http:\/\/www.w3.org\/2000\/svg\"><path d=\"M104 333H896C929 333 958 304 958 271S929 208 896 208H104C71 208 42 237 42 271S71 333 104 333ZM104 583H896C929 583 958 554 958 521S929 458 896 458H104C71 458 42 487 42 521S71 583 104 583ZM104 833H896C929 833 958 804 958 771S929 708 896 708H104C71 708 42 737 42 771S71 833 104 833Z\"><\/path><\/svg><svg aria-hidden=\"true\" role=\"presentation\" class=\"elementor-menu-toggle__icon--close e-font-icon-svg e-eicon-close\" viewBox=\"0 0 1000 1000\" xmlns=\"http:\/\/www.w3.org\/2000\/svg\"><path d=\"M742 167L500 408 258 167C246 154 233 150 217 150 196 150 179 158 167 167 154 179 150 196 150 212 150 229 154 242 171 254L408 500 167 742C138 771 138 800 167 829 196 858 225 858 254 829L496 587 738 829C750 842 767 846 783 846 800 846 817 842 829 829 842 817 846 804 846 783 846 767 842 750 829 737L588 500 833 258C863 229 863 200 833 171 804 137 775 137 742 167Z\"><\/path><\/svg>\t\t\t<span class=\"elementor-screen-only\">Menu<\/span>\n\t\t<\/div>\n\t\t\t\t\t<nav class=\"elementor-nav-menu--dropdown elementor-nav-menu__container\" aria-hidden=\"true\">\n\t\t\t\t<ul id=\"menu-2-f6f3348\" class=\"elementor-nav-menu\"><li class=\"menu-item menu-item-type-post_type menu-item-object-page menu-item-has-children menu-item-455\"><a href=\"https:\/\/www.jardindesmerveilles.fr\/wordpressjdm77\/vous-etes-professionnel\/\" class=\"elementor-item\" tabindex=\"-1\">Vous \u00eates professionnel\/entreprise ?<\/a>\n<ul class=\"sub-menu elementor-nav-menu--dropdown\">\n\t<li class=\"menu-item menu-item-type-post_type menu-item-object-page menu-item-468\"><a href=\"https:\/\/www.jardindesmerveilles.fr\/wordpressjdm77\/vos-decors-evenementiels\/\" class=\"elementor-sub-item\" tabindex=\"-1\">Vos d\u00e9cors \u00e9v\u00e9nementiels<\/a><\/li>\n\t<li class=\"menu-item menu-item-type-post_type menu-item-object-page menu-item-462\"><a href=\"https:\/\/www.jardindesmerveilles.fr\/wordpressjdm77\/vos-locaux\/\" class=\"elementor-sub-item\" tabindex=\"-1\">Vos locaux<\/a><\/li>\n\t<li class=\"menu-item menu-item-type-post_type menu-item-object-page menu-item-465\"><a href=\"https:\/\/www.jardindesmerveilles.fr\/wordpressjdm77\/location-de-plantes-et-de-fleurs-2\/\" class=\"elementor-sub-item\" tabindex=\"-1\">Location de plantes et de fleurs<\/a><\/li>\n<\/ul>\n<\/li>\n<li class=\"menu-item menu-item-type-post_type menu-item-object-page menu-item-has-children menu-item-452\"><a href=\"https:\/\/www.jardindesmerveilles.fr\/wordpressjdm77\/vous-etes-particulier\/\" class=\"elementor-item\" tabindex=\"-1\">Vous \u00eates particulier ?<\/a>\n<ul class=\"sub-menu elementor-nav-menu--dropdown\">\n\t<li class=\"menu-item menu-item-type-post_type menu-item-object-page menu-item-612\"><a href=\"https:\/\/www.jardindesmerveilles.fr\/wordpressjdm77\/vos-espaces-verts\/\" class=\"elementor-sub-item\" tabindex=\"-1\">Vos espaces verts<\/a><\/li>\n\t<li class=\"menu-item menu-item-type-post_type menu-item-object-page menu-item-471\"><a href=\"https:\/\/www.jardindesmerveilles.fr\/wordpressjdm77\/vos-evenements-prives\/\" class=\"elementor-sub-item\" tabindex=\"-1\">Vos \u00e9v\u00e9nements priv\u00e9s<\/a><\/li>\n<\/ul>\n<\/li>\n<li class=\"menu-item menu-item-type-post_type menu-item-object-page menu-item-477\"><a href=\"https:\/\/www.jardindesmerveilles.fr\/wordpressjdm77\/pourquoi-nous-choisir\/\" class=\"elementor-item\" tabindex=\"-1\">Pourquoi nous choisir ?<\/a><\/li>\n<li class=\"menu-item menu-item-type-post_type menu-item-object-page menu-item-has-children menu-item-339\"><a href=\"https:\/\/www.jardindesmerveilles.fr\/wordpressjdm77\/conseils-dexpert\/\" class=\"elementor-item\" tabindex=\"-1\">Conseils d\u2019expert<\/a>\n<ul class=\"sub-menu elementor-nav-menu--dropdown\">\n\t<li class=\"menu-item menu-item-type-post_type menu-item-object-page menu-item-1023\"><a href=\"https:\/\/www.jardindesmerveilles.fr\/wordpressjdm77\/les-conseils-de-tophe\/\" class=\"elementor-sub-item\" tabindex=\"-1\">Les conseils de Tophe<\/a><\/li>\n\t<li class=\"menu-item menu-item-type-post_type menu-item-object-page menu-item-1024\"><a href=\"https:\/\/www.jardindesmerveilles.fr\/wordpressjdm77\/pour-un-jardin-de-vos-reves\/\" class=\"elementor-sub-item\" tabindex=\"-1\">Pour un jardin de vos r\u00eaves<\/a><\/li>\n\t<li class=\"menu-item menu-item-type-post_type menu-item-object-page menu-item-1022\"><a href=\"https:\/\/www.jardindesmerveilles.fr\/wordpressjdm77\/une-vie-de-nature\/\" class=\"elementor-sub-item\" tabindex=\"-1\">Une vie de nature<\/a><\/li>\n<\/ul>\n<\/li>\n<li class=\"menu-item menu-item-type-post_type menu-item-object-page menu-item-342\"><a href=\"https:\/\/www.jardindesmerveilles.fr\/wordpressjdm77\/galerie\/\" class=\"elementor-item\" tabindex=\"-1\">Galerie<\/a><\/li>\n<li class=\"menu-item menu-item-type-post_type menu-item-object-page menu-item-343\"><a href=\"https:\/\/www.jardindesmerveilles.fr\/wordpressjdm77\/contact\/\" class=\"elementor-item\" tabindex=\"-1\">Contact<\/a><\/li>\n<\/ul>\t\t\t<\/nav>\n\t\t\t\t<\/div>\n\t\t\t\t<\/div>\n\t\t\t\t<div class=\"elementor-element elementor-element-ddeca9a elementor-widget__width-inherit elementor-widget elementor-widget-image\" data-id=\"ddeca9a\" data-element_type=\"widget\" data-widget_type=\"image.default\">\n\t\t\t\t<div class=\"elementor-widget-container\">\n\t\t\t\t\t\t\t\t\t\t\t\t\t<img fetchpriority=\"high\" decoding=\"async\" width=\"1024\" height=\"683\" src=\"https:\/\/www.jardindesmerveilles.fr\/wordpressjdm77\/wp-content\/uploads\/2024\/11\/jovan-vasiljevic-lpweszkOH8k-unsplash-1024x683.jpg\" class=\"attachment-large size-large wp-image-280\" alt=\"\" srcset=\"https:\/\/www.jardindesmerveilles.fr\/wordpressjdm77\/wp-content\/uploads\/2024\/11\/jovan-vasiljevic-lpweszkOH8k-unsplash-1024x683.jpg 1024w, https:\/\/www.jardindesmerveilles.fr\/wordpressjdm77\/wp-content\/uploads\/2024\/11\/jovan-vasiljevic-lpweszkOH8k-unsplash-300x200.jpg 300w, https:\/\/www.jardindesmerveilles.fr\/wordpressjdm77\/wp-content\/uploads\/2024\/11\/jovan-vasiljevic-lpweszkOH8k-unsplash-768x512.jpg 768w, https:\/\/www.jardindesmerveilles.fr\/wordpressjdm77\/wp-content\/uploads\/2024\/11\/jovan-vasiljevic-lpweszkOH8k-unsplash-1536x1024.jpg 1536w\" sizes=\"(max-width: 1024px) 100vw, 1024px\" \/>\t\t\t\t\t\t\t\t\t\t\t\t\t<\/div>\n\t\t\t\t<\/div>\n\t\t\t\t\t<\/div>\n\t\t\t\t<\/div>\n\t\t<div class=\"elementor-element elementor-element-848d75c e-con-full e-flex e-con e-parent\" data-id=\"848d75c\" data-element_type=\"container\" data-settings=\"{&quot;background_background&quot;:&quot;classic&quot;}\">\n\t\t\t\t<div class=\"elementor-element elementor-element-fa0b588 elementor-widget elementor-widget-theme-site-logo elementor-widget-image\" data-id=\"fa0b588\" data-element_type=\"widget\" data-widget_type=\"theme-site-logo.default\">\n\t\t\t\t<div class=\"elementor-widget-container\">\n\t\t\t\t\t\t\t\t\t<a href=\"https:\/\/www.jardindesmerveilles.fr\/wordpressjdm77\">\n\t\t\t<img decoding=\"async\" width=\"1273\" height=\"1424\" src=\"https:\/\/www.jardindesmerveilles.fr\/wordpressjdm77\/wp-content\/uploads\/2024\/09\/logo-v3.png\" class=\"attachment-full size-full wp-image-227\" alt=\"\" srcset=\"https:\/\/www.jardindesmerveilles.fr\/wordpressjdm77\/wp-content\/uploads\/2024\/09\/logo-v3.png 1273w, https:\/\/www.jardindesmerveilles.fr\/wordpressjdm77\/wp-content\/uploads\/2024\/09\/logo-v3-268x300.png 268w, https:\/\/www.jardindesmerveilles.fr\/wordpressjdm77\/wp-content\/uploads\/2024\/09\/logo-v3-915x1024.png 915w, https:\/\/www.jardindesmerveilles.fr\/wordpressjdm77\/wp-content\/uploads\/2024\/09\/logo-v3-768x859.png 768w\" sizes=\"(max-width: 1273px) 100vw, 1273px\" \/>\t\t\t\t<\/a>\n\t\t\t\t\t\t\t\t\t<\/div>\n\t\t\t\t<\/div>\n\t\t\t\t<div class=\"elementor-element elementor-element-2fcf3b30 animated-slow elementor-invisible elementor-widget elementor-widget-heading\" data-id=\"2fcf3b30\" data-element_type=\"widget\" data-settings=\"{&quot;_animation&quot;:&quot;slideInUp&quot;}\" data-widget_type=\"heading.default\">\n\t\t\t\t<div class=\"elementor-widget-container\">\n\t\t\t<h2 class=\"elementor-heading-title elementor-size-default\">NOUS CONTACTER<\/h2>\t\t<\/div>\n\t\t\t\t<\/div>\n\t\t<div class=\"elementor-element elementor-element-17a39f6 e-con-full e-flex e-con e-child\" data-id=\"17a39f6\" data-element_type=\"container\">\n\t\t<div class=\"elementor-element elementor-element-5fd10cc9 e-con-full e-flex e-con e-child\" data-id=\"5fd10cc9\" data-element_type=\"container\">\n\t\t\t\t<div class=\"elementor-element elementor-element-3224d5bc elementor-widget elementor-widget-icon-box\" data-id=\"3224d5bc\" data-element_type=\"widget\" data-widget_type=\"icon-box.default\">\n\t\t\t\t<div class=\"elementor-widget-container\">\n\t\t\t\t\t<div class=\"elementor-icon-box-wrapper\">\n\n\t\t\t\n\t\t\t\t\t\t<div class=\"elementor-icon-box-content\">\n\n\t\t\t\t\t\t\t\t\t<h3 class=\"elementor-icon-box-title\">\n\t\t\t\t\t\t<span  >\n\t\t\t\t\t\t\tNOTRE ZONE\t\t\t\t\t\t<\/span>\n\t\t\t\t\t<\/h3>\n\t\t\t\t\n\t\t\t\t\t\t\t\t\t<p class=\"elementor-icon-box-description\">\n\t\t\t\t\t\tILE-DE-FRANCE\t\t\t\t\t<\/p>\n\t\t\t\t\n\t\t\t<\/div>\n\t\t\t\n\t\t<\/div>\n\t\t\t\t<\/div>\n\t\t\t\t<\/div>\n\t\t\t\t<div class=\"elementor-element elementor-element-416323cb elementor-widget elementor-widget-icon-box\" data-id=\"416323cb\" data-element_type=\"widget\" data-widget_type=\"icon-box.default\">\n\t\t\t\t<div class=\"elementor-widget-container\">\n\t\t\t\t\t<div class=\"elementor-icon-box-wrapper\">\n\n\t\t\t\n\t\t\t\t\t\t<div class=\"elementor-icon-box-content\">\n\n\t\t\t\t\t\t\t\t\t<h3 class=\"elementor-icon-box-title\">\n\t\t\t\t\t\t<span  >\n\t\t\t\t\t\t\tNOTRE MAIL\t\t\t\t\t\t<\/span>\n\t\t\t\t\t<\/h3>\n\t\t\t\t\n\t\t\t\t\t\t\t\t\t<p class=\"elementor-icon-box-description\">\n\t\t\t\t\t\tjdm77680@gmail.com\t\t\t\t\t<\/p>\n\t\t\t\t\n\t\t\t<\/div>\n\t\t\t\n\t\t<\/div>\n\t\t\t\t<\/div>\n\t\t\t\t<\/div>\n\t\t\t\t<div class=\"elementor-element elementor-element-649b4dbb elementor-widget elementor-widget-icon-box\" data-id=\"649b4dbb\" data-element_type=\"widget\" data-widget_type=\"icon-box.default\">\n\t\t\t\t<div class=\"elementor-widget-container\">\n\t\t\t\t\t<div class=\"elementor-icon-box-wrapper\">\n\n\t\t\t\n\t\t\t\t\t\t<div class=\"elementor-icon-box-content\">\n\n\t\t\t\t\t\t\t\t\t<h3 class=\"elementor-icon-box-title\">\n\t\t\t\t\t\t<span  >\n\t\t\t\t\t\t\tNOTRE TEL\t\t\t\t\t\t<\/span>\n\t\t\t\t\t<\/h3>\n\t\t\t\t\n\t\t\t\t\t\t\t\t\t<p class=\"elementor-icon-box-description\">\n\t\t\t\t\t\t06 07 46 70 29\t\t\t\t\t<\/p>\n\t\t\t\t\n\t\t\t<\/div>\n\t\t\t\n\t\t<\/div>\n\t\t\t\t<\/div>\n\t\t\t\t<\/div>\n\t\t\t\t<\/div>\n\t\t<div class=\"elementor-element elementor-element-36f1864 e-con-full e-flex e-con e-child\" data-id=\"36f1864\" data-element_type=\"container\">\n\t\t\t\t<div class=\"elementor-element elementor-element-452f1850 elementor-widget elementor-widget-heading\" data-id=\"452f1850\" data-element_type=\"widget\" data-widget_type=\"heading.default\">\n\t\t\t\t<div class=\"elementor-widget-container\">\n\t\t\t<h2 class=\"elementor-heading-title elementor-size-default\">le premier pas vers <br>\nvotre r\u00eave en vert<\/h2>\t\t<\/div>\n\t\t\t\t<\/div>\n\t\t\t\t<div class=\"elementor-element elementor-element-50a155df elementor-button-align-start elementor-tablet-button-align-stretch elementor-widget elementor-widget-form\" data-id=\"50a155df\" data-element_type=\"widget\" data-settings=\"{&quot;button_width_tablet&quot;:&quot;100&quot;,&quot;step_next_label&quot;:&quot;Next&quot;,&quot;step_previous_label&quot;:&quot;Previous&quot;,&quot;button_width&quot;:&quot;100&quot;,&quot;step_type&quot;:&quot;number_text&quot;,&quot;step_icon_shape&quot;:&quot;circle&quot;}\" data-widget_type=\"form.default\">\n\t\t\t\t<div class=\"elementor-widget-container\">\n\t\t\t\t\t<form class=\"elementor-form\" method=\"post\" name=\"Contact Us\">\n\t\t\t<input type=\"hidden\" name=\"post_id\" value=\"327\"\/>\n\t\t\t<input type=\"hidden\" name=\"form_id\" value=\"50a155df\"\/>\n\t\t\t<input type=\"hidden\" name=\"referer_title\" value=\"Contact\" \/>\n\n\t\t\t\t\t\t\t<input type=\"hidden\" name=\"queried_id\" value=\"327\"\/>\n\t\t\t\n\t\t\t<div class=\"elementor-form-fields-wrapper elementor-labels-\">\n\t\t\t\t\t\t\t\t<div class=\"elementor-field-type-text elementor-field-group elementor-column elementor-field-group-name elementor-col-100 elementor-md-50\">\n\t\t\t\t\t\t\t\t\t\t\t\t<label for=\"form-field-name\" class=\"elementor-field-label elementor-screen-only\">\n\t\t\t\t\t\t\t\tNom\t\t\t\t\t\t\t<\/label>\n\t\t\t\t\t\t\t\t\t\t\t\t\t\t<input size=\"1\" type=\"text\" name=\"form_fields[name]\" id=\"form-field-name\" class=\"elementor-field elementor-size-sm  elementor-field-textual\" placeholder=\"Nom.\">\n\t\t\t\t\t\t\t\t\t\t\t<\/div>\n\t\t\t\t\t\t\t\t<div class=\"elementor-field-type-tel elementor-field-group elementor-column elementor-field-group-field_719ed13 elementor-col-100 elementor-md-50 elementor-field-required\">\n\t\t\t\t\t\t\t\t\t\t\t\t<label for=\"form-field-field_719ed13\" class=\"elementor-field-label elementor-screen-only\">\n\t\t\t\t\t\t\t\tTel.\t\t\t\t\t\t\t<\/label>\n\t\t\t\t\t\t\t\t<input size=\"1\" type=\"tel\" name=\"form_fields[field_719ed13]\" id=\"form-field-field_719ed13\" class=\"elementor-field elementor-size-sm  elementor-field-textual\" placeholder=\"Tel.\" required=\"required\" aria-required=\"true\" pattern=\"[0-9()#&amp;+*-=.]+\" title=\"Seuls les caract\u00e8res de num\u00e9ros de t\u00e9l\u00e9phone (#, -, *, etc.) sont accept\u00e9s.\">\n\n\t\t\t\t\t\t<\/div>\n\t\t\t\t\t\t\t\t<div class=\"elementor-field-type-email elementor-field-group elementor-column elementor-field-group-email elementor-col-100 elementor-md-100 elementor-field-required\">\n\t\t\t\t\t\t\t\t\t\t\t\t<label for=\"form-field-email\" class=\"elementor-field-label elementor-screen-only\">\n\t\t\t\t\t\t\t\tEmail.\t\t\t\t\t\t\t<\/label>\n\t\t\t\t\t\t\t\t\t\t\t\t\t\t<input size=\"1\" type=\"email\" name=\"form_fields[email]\" id=\"form-field-email\" class=\"elementor-field elementor-size-sm  elementor-field-textual\" placeholder=\"Email.\" required=\"required\" aria-required=\"true\">\n\t\t\t\t\t\t\t\t\t\t\t<\/div>\n\t\t\t\t\t\t\t\t<div class=\"elementor-field-type-text elementor-field-group elementor-column elementor-field-group-field_7b110c9 elementor-col-100\">\n\t\t\t\t\t\t\t\t\t\t\t\t<label for=\"form-field-field_7b110c9\" class=\"elementor-field-label elementor-screen-only\">\n\t\t\t\t\t\t\t\tDemande.\t\t\t\t\t\t\t<\/label>\n\t\t\t\t\t\t\t\t\t\t\t\t\t\t<input size=\"1\" type=\"text\" name=\"form_fields[field_7b110c9]\" id=\"form-field-field_7b110c9\" class=\"elementor-field elementor-size-sm  elementor-field-textual\" placeholder=\"Demande.\">\n\t\t\t\t\t\t\t\t\t\t\t<\/div>\n\t\t\t\t\t\t\t\t<div class=\"elementor-field-group elementor-column elementor-field-type-submit elementor-col-100 e-form__buttons elementor-md-100\">\n\t\t\t\t\t<button class=\"elementor-button elementor-size-sm elementor-animation-shrink\" type=\"submit\">\n\t\t\t\t\t\t<span class=\"elementor-button-content-wrapper\">\n\t\t\t\t\t\t\t\t\t\t\t\t\t\t\t\t\t\t\t\t\t\t<span class=\"elementor-button-text\">ENVOYER<\/span>\n\t\t\t\t\t\t\t\t\t\t\t\t\t<\/span>\n\t\t\t\t\t<\/button>\n\t\t\t\t<\/div>\n\t\t\t<\/div>\n\t\t<\/form>\n\t\t\t\t<\/div>\n\t\t\t\t<\/div>\n\t\t\t\t<\/div>\n\t\t\t\t<div class=\"elementor-element elementor-element-34b8f5fb elementor-widget elementor-widget-image\" data-id=\"34b8f5fb\" data-element_type=\"widget\" data-widget_type=\"image.default\">\n\t\t\t\t<div class=\"elementor-widget-container\">\n\t\t\t\t\t\t\t\t\t\t\t\t\t<img decoding=\"async\" width=\"556\" height=\"552\" src=\"https:\/\/www.jardindesmerveilles.fr\/wordpressjdm77\/wp-content\/uploads\/2024\/12\/Capture-decran-2023-01-31-a-11.59.01.png\" class=\"attachment-large size-large wp-image-556\" alt=\"\" srcset=\"https:\/\/www.jardindesmerveilles.fr\/wordpressjdm77\/wp-content\/uploads\/2024\/12\/Capture-decran-2023-01-31-a-11.59.01.png 556w, https:\/\/www.jardindesmerveilles.fr\/wordpressjdm77\/wp-content\/uploads\/2024\/12\/Capture-decran-2023-01-31-a-11.59.01-300x298.png 300w, https:\/\/www.jardindesmerveilles.fr\/wordpressjdm77\/wp-content\/uploads\/2024\/12\/Capture-decran-2023-01-31-a-11.59.01-150x150.png 150w\" sizes=\"(max-width: 556px) 100vw, 556px\" \/>\t\t\t\t\t\t\t\t\t\t\t\t\t<\/div>\n\t\t\t\t<\/div>\n\t\t\t\t<\/div>\n\t\t\t\t<\/div>\n\t\t<div class=\"elementor-element elementor-element-77d1867 e-flex e-con-boxed e-con e-parent\" data-id=\"77d1867\" data-element_type=\"container\" data-settings=\"{&quot;background_background&quot;:&quot;classic&quot;}\">\n\t\t\t\t\t<div class=\"e-con-inner\">\n\t\t\t\t\t<\/div>\n\t\t\t\t<\/div>\n\t\t\t\t<\/div>\n\t\t","protected":false},"excerpt":{"rendered":"<p>NOUS CONTACTER NOTRE ZONE ILE-DE-FRANCE NOTRE MAIL jdm77680@gmail.com NOTRE TEL 06 07 46 70 29 le premier pas vers votre r\u00eave en vert<\/p>\n","protected":false},"author":2,"featured_media":0,"parent":0,"menu_order":0,"comment_status":"closed","ping_status":"closed","template":"","meta":{"footnotes":""},"class_list":["post-327","page","type-page","status-publish","hentry","entry"],"_links":{"self":[{"href":"https:\/\/www.jardindesmerveilles.fr\/wordpressjdm77\/wp-json\/wp\/v2\/pages\/327","targetHints":{"allow":["GET"]}}],"collection":[{"href":"https:\/\/www.jardindesmerveilles.fr\/wordpressjdm77\/wp-json\/wp\/v2\/pages"}],"about":[{"href":"https:\/\/www.jardindesmerveilles.fr\/wordpressjdm77\/wp-json\/wp\/v2\/types\/page"}],"author":[{"embeddable":true,"href":"https:\/\/www.jardindesmerveilles.fr\/wordpressjdm77\/wp-json\/wp\/v2\/users\/2"}],"replies":[{"embeddable":true,"href":"https:\/\/www.jardindesmerveilles.fr\/wordpressjdm77\/wp-json\/wp\/v2\/comments?post=327"}],"version-history":[{"count":28,"href":"https:\/\/www.jardindesmerveilles.fr\/wordpressjdm77\/wp-json\/wp\/v2\/pages\/327\/revisions"}],"predecessor-version":[{"id":976,"href":"https:\/\/www.jardindesmerveilles.fr\/wordpressjdm77\/wp-json\/wp\/v2\/pages\/327\/revisions\/976"}],"wp:attachment":[{"href":"https:\/\/www.jardindesmerveilles.fr\/wordpressjdm77\/wp-json\/wp\/v2\/media?parent=327"}],"curies":[{"name":"wp","href":"https:\/\/api.w.org\/{rel}","templated":true}]}}